{"id":30074,"date":"2018-09-21T10:32:00","date_gmt":"2018-10-24T06:40:30","guid":{"rendered":"https:\/\/kihlberg.com\/product\/126289\/"},"modified":"2019-09-07T04:54:06","modified_gmt":"2019-09-07T04:54:06","slug":"126289","status":"publish","type":"product","link":"https:\/\/kihlberg.com\/sv\/verktyg\/forpackning\/126289\/","title":{"rendered":"Klammerverktyg JK35T590"},"content":{"rendered":"","protected":false},"excerpt":{"rendered":"<p>klammerverktyg JK35T590 \u00e4r v\u00e5rt svensktillverkade, tryckluftsdrivna t\u00e5ngverktyg f\u00f6r professionella anv\u00e4ndare. T\u00e5ngen \u00e4r l\u00e4mplig till f\u00f6rslutning av stora wellemballage, klamring av gr\u00f6vre papp, kantskydd, f\u00f6rslutning av gavlar, \u00e4ndstycken mm. JK35T590 har en fast tunga, som g\u00f6r att den snabbt kan f\u00f6rflyttas i sidled. T\u00e5ngen arbetar med en bredryggad emballageklammer, JK590, i benl\u00e4ngder fr\u00e5n 19 mm till 32 mm. Med hj\u00e4lp av distansplattor kan h\u00e4ftgapet l\u00e4tt justeras f\u00f6r olika tjocklekar, fr\u00e5n 12 mm upp till max 27 mm. Distansplattor f\u00f6r 3 mm och 6 mm levereras med t\u00e5ngen som standard. Den unika kombinationen av en slitstark t\u00e5ng  och en bredryggad klammer erbjuder m\u00e5nga nya l\u00f6sningar p\u00e5 sv\u00e5rl\u00f6sta emballeringsproblem. JK35T590 \u00e4r ett t\u00e5ligt och stablit verktyg med f\u00e5 r\u00f6rliga delar.<br \/>\nJK35T590 tillsammans med klammerverktyget JK35-590 med JK590-klammer ger dig m\u00f6jlighet till en komplett och kostnadseffektiv l\u00f6sning.<\/p>\n","protected":false},"featured_media":10242,"template":"","meta":{"_acf_changed":false,"_genesis_hide_title":false,"_genesis_hide_breadcrumbs":false,"_genesis_hide_singular_image":false,"_genesis_hide_footer_widgets":false,"_genesis_custom_body_class":"","_genesis_custom_post_class":"","_genesis_layout":""},"product_brand":[],"product_cat":[420,148],"class_list":{"0":"post-30074","1":"product","2":"type-product","3":"status-publish","4":"has-post-thumbnail","6":"product_cat-forpackning","7":"product_cat-verktyg","8":"pa_lubrication-ja","9":"pa_magazine-capacity-100-sv-2","10":"pa_max-pressure-7-sv-4","11":"pa_staple-leg-length-19-32-mm-5-8-1-1-4-in-sv-2","12":"entry","14":"first","15":"instock","16":"taxable","17":"shipping-taxable","18":"purchasable","19":"product-type-simple"},"acf":[],"yoast_head":"<!-- This site is optimized with the Yoast SEO plugin v26.1.1 - https:\/\/yoast.com\/wordpress\/plugins\/seo\/ -->\n<title>Klammerverktyg JK35T590<\/title>\n<meta name=\"robots\" content=\"index, follow, max-snippet:-1, max-image-preview:large, max-video-preview:-1\" \/>\n<link rel=\"canonical\" href=\"https:\/\/kihlberg.com\/sv\/verktyg\/forpackning\/126289\/\" \/>\n<meta property=\"og:locale\" content=\"sv_SE\" \/>\n<meta property=\"og:type\" content=\"article\" \/>\n<meta property=\"og:title\" content=\"Klammerverktyg JK35T590\" \/>\n<meta property=\"og:description\" content=\"klammerverktyg JK35T590 \u00e4r v\u00e5rt svensktillverkade, tryckluftsdrivna t\u00e5ngverktyg f\u00f6r professionella anv\u00e4ndare. T\u00e5ngen \u00e4r l\u00e4mplig till f\u00f6rslutning av stora wellemballage, klamring av gr\u00f6vre papp, kantskydd, f\u00f6rslutning av gavlar, \u00e4ndstycken mm. JK35T590 har en fast tunga, som g\u00f6r att den snabbt kan f\u00f6rflyttas i sidled. T\u00e5ngen arbetar med en bredryggad emballageklammer, JK590, i benl\u00e4ngder fr\u00e5n 19 mm till 32 mm. Med hj\u00e4lp av distansplattor kan h\u00e4ftgapet l\u00e4tt justeras f\u00f6r olika tjocklekar, fr\u00e5n 12 mm upp till max 27 mm. Distansplattor f\u00f6r 3 mm och 6 mm levereras med t\u00e5ngen som standard. Den unika kombinationen av en slitstark t\u00e5ng och en bredryggad klammer erbjuder m\u00e5nga nya l\u00f6sningar p\u00e5 sv\u00e5rl\u00f6sta emballeringsproblem. JK35T590 \u00e4r ett t\u00e5ligt och stablit verktyg med f\u00e5 r\u00f6rliga delar.     JK35T590 tillsammans med klammerverktyget JK35-590 med JK590-klammer ger dig m\u00f6jlighet till en komplett och kostnadseffektiv l\u00f6sning.\" \/>\n<meta property=\"og:url\" content=\"https:\/\/kihlberg.com\/sv\/verktyg\/forpackning\/126289\/\" \/>\n<meta property=\"og:site_name\" content=\"Josef kihlberg\" \/>\n<meta property=\"article:modified_time\" content=\"2019-09-07T04:54:06+00:00\" \/>\n<meta property=\"og:image\" content=\"https:\/\/kihlberg.com\/wp-content\/uploads\/2018\/08\/126289.png\" \/>\n\t<meta property=\"og:image:width\" content=\"720\" \/>\n\t<meta property=\"og:image:height\" content=\"720\" \/>\n\t<meta property=\"og:image:type\" content=\"image\/png\" \/>\n<meta name=\"twitter:card\" content=\"summary_large_image\" \/>\n<meta name=\"twitter:label1\" content=\"Pris\" \/>\n\t<meta name=\"twitter:data1\" content=\"&euro;932\" \/>\n\t<meta name=\"twitter:label2\" content=\"Tillg\u00e4nglig\" \/>\n\t<meta name=\"twitter:data2\" content=\"I lager\" \/>\n<script type=\"application\/ld+json\" class=\"yoast-schema-graph\">{\"@context\":\"https:\/\/schema.org\",\"@graph\":[{\"@type\":\"WebPage\",\"@id\":\"https:\/\/kihlberg.com\/sv\/verktyg\/forpackning\/126289\/\",\"url\":\"https:\/\/kihlberg.com\/sv\/verktyg\/forpackning\/126289\/\",\"name\":\"Klammerverktyg JK35T590\",\"isPartOf\":{\"@id\":\"https:\/\/kihlberg.com\/sv\/#website\"},\"primaryImageOfPage\":{\"@id\":\"https:\/\/kihlberg.com\/sv\/verktyg\/forpackning\/126289\/#primaryimage\"},\"image\":{\"@id\":\"https:\/\/kihlberg.com\/sv\/verktyg\/forpackning\/126289\/#primaryimage\"},\"thumbnailUrl\":\"https:\/\/kihlberg.com\/wp-content\/uploads\/2018\/08\/126289.png\",\"datePublished\":\"2018-10-24T06:40:30+00:00\",\"dateModified\":\"2019-09-07T04:54:06+00:00\",\"breadcrumb\":{\"@id\":\"https:\/\/kihlberg.com\/sv\/verktyg\/forpackning\/126289\/#breadcrumb\"},\"inLanguage\":\"sv-SE\",\"potentialAction\":[{\"@type\":\"ReadAction\",\"target\":[\"https:\/\/kihlberg.com\/sv\/verktyg\/forpackning\/126289\/\"]}]},{\"@type\":\"ImageObject\",\"inLanguage\":\"sv-SE\",\"@id\":\"https:\/\/kihlberg.com\/sv\/verktyg\/forpackning\/126289\/#primaryimage\",\"url\":\"https:\/\/kihlberg.com\/wp-content\/uploads\/2018\/08\/126289.png\",\"contentUrl\":\"https:\/\/kihlberg.com\/wp-content\/uploads\/2018\/08\/126289.png\",\"width\":720,\"height\":720},{\"@type\":\"BreadcrumbList\",\"@id\":\"https:\/\/kihlberg.com\/sv\/verktyg\/forpackning\/126289\/#breadcrumb\",\"itemListElement\":[{\"@type\":\"ListItem\",\"position\":1,\"name\":\"Home\",\"item\":\"https:\/\/kihlberg.com\/sv\/\"},{\"@type\":\"ListItem\",\"position\":2,\"name\":\"Shop\",\"item\":\"https:\/\/kihlberg.com\/shop\/\"},{\"@type\":\"ListItem\",\"position\":3,\"name\":\"Verktyg\",\"item\":\"https:\/\/kihlberg.com\/sv\/verktyg\/\"},{\"@type\":\"ListItem\",\"position\":4,\"name\":\"F\u00f6rpackning\",\"item\":\"https:\/\/kihlberg.com\/sv\/verktyg\/forpackning\/\"},{\"@type\":\"ListItem\",\"position\":5,\"name\":\"Klammerverktyg JK35T590\"}]},{\"@type\":\"WebSite\",\"@id\":\"https:\/\/kihlberg.com\/sv\/#website\",\"url\":\"https:\/\/kihlberg.com\/sv\/\",\"name\":\"Josef kihlberg\",\"description\":\"Made in Sweden. System manufacturer of premium staples &amp; tools that sets the standard. Legendary.\",\"publisher\":{\"@id\":\"https:\/\/kihlberg.com\/sv\/#organization\"},\"potentialAction\":[{\"@type\":\"SearchAction\",\"target\":{\"@type\":\"EntryPoint\",\"urlTemplate\":\"https:\/\/kihlberg.com\/sv\/?s={search_term_string}\"},\"query-input\":{\"@type\":\"PropertyValueSpecification\",\"valueRequired\":true,\"valueName\":\"search_term_string\"}}],\"inLanguage\":\"sv-SE\"},{\"@type\":\"Organization\",\"@id\":\"https:\/\/kihlberg.com\/sv\/#organization\",\"name\":\"Josef Kihlberg\",\"url\":\"https:\/\/kihlberg.com\/sv\/\",\"logo\":{\"@type\":\"ImageObject\",\"inLanguage\":\"sv-SE\",\"@id\":\"https:\/\/kihlberg.com\/sv\/#\/schema\/logo\/image\/\",\"url\":\"https:\/\/kihlberg.com\/wp-content\/uploads\/2019\/01\/logo.jpg\",\"contentUrl\":\"https:\/\/kihlberg.com\/wp-content\/uploads\/2019\/01\/logo.jpg\",\"width\":850,\"height\":850,\"caption\":\"Josef Kihlberg\"},\"image\":{\"@id\":\"https:\/\/kihlberg.com\/sv\/#\/schema\/logo\/image\/\"}}]}<\/script>\n<meta property=\"product:price:amount\" content=\"932\" \/>\n<meta property=\"product:price:currency\" content=\"EUR\" \/>\n<meta property=\"og:availability\" content=\"instock\" \/>\n<meta property=\"product:availability\" content=\"instock\" \/>\n<meta property=\"product:retailer_item_id\" content=\"126289\" \/>\n<meta property=\"product:condition\" content=\"new\" \/>\n<!-- \/ Yoast SEO plugin. -->","yoast_head_json":{"title":"Klammerverktyg JK35T590","robots":{"index":"index","follow":"follow","max-snippet":"max-snippet:-1","max-image-preview":"max-image-preview:large","max-video-preview":"max-video-preview:-1"},"canonical":"https:\/\/kihlberg.com\/sv\/verktyg\/forpackning\/126289\/","og_locale":"sv_SE","og_type":"article","og_title":"Klammerverktyg JK35T590","og_description":"klammerverktyg JK35T590 \u00e4r v\u00e5rt svensktillverkade, tryckluftsdrivna t\u00e5ngverktyg f\u00f6r professionella anv\u00e4ndare. T\u00e5ngen \u00e4r l\u00e4mplig till f\u00f6rslutning av stora wellemballage, klamring av gr\u00f6vre papp, kantskydd, f\u00f6rslutning av gavlar, \u00e4ndstycken mm. JK35T590 har en fast tunga, som g\u00f6r att den snabbt kan f\u00f6rflyttas i sidled. T\u00e5ngen arbetar med en bredryggad emballageklammer, JK590, i benl\u00e4ngder fr\u00e5n 19 mm till 32 mm. Med hj\u00e4lp av distansplattor kan h\u00e4ftgapet l\u00e4tt justeras f\u00f6r olika tjocklekar, fr\u00e5n 12 mm upp till max 27 mm. Distansplattor f\u00f6r 3 mm och 6 mm levereras med t\u00e5ngen som standard. Den unika kombinationen av en slitstark t\u00e5ng och en bredryggad klammer erbjuder m\u00e5nga nya l\u00f6sningar p\u00e5 sv\u00e5rl\u00f6sta emballeringsproblem. JK35T590 \u00e4r ett t\u00e5ligt och stablit verktyg med f\u00e5 r\u00f6rliga delar.     JK35T590 tillsammans med klammerverktyget JK35-590 med JK590-klammer ger dig m\u00f6jlighet till en komplett och kostnadseffektiv l\u00f6sning.","og_url":"https:\/\/kihlberg.com\/sv\/verktyg\/forpackning\/126289\/","og_site_name":"Josef kihlberg","article_modified_time":"2019-09-07T04:54:06+00:00","og_image":[{"width":720,"height":720,"url":"https:\/\/kihlberg.com\/wp-content\/uploads\/2018\/08\/126289.png","type":"image\/png"}],"twitter_card":"summary_large_image","twitter_misc":{"Pris":"&euro;932","Tillg\u00e4nglig":"I lager"},"schema":{"@context":"https:\/\/schema.org","@graph":[{"@type":"WebPage","@id":"https:\/\/kihlberg.com\/sv\/verktyg\/forpackning\/126289\/","url":"https:\/\/kihlberg.com\/sv\/verktyg\/forpackning\/126289\/","name":"Klammerverktyg JK35T590","isPartOf":{"@id":"https:\/\/kihlberg.com\/sv\/#website"},"primaryImageOfPage":{"@id":"https:\/\/kihlberg.com\/sv\/verktyg\/forpackning\/126289\/#primaryimage"},"image":{"@id":"https:\/\/kihlberg.com\/sv\/verktyg\/forpackning\/126289\/#primaryimage"},"thumbnailUrl":"https:\/\/kihlberg.com\/wp-content\/uploads\/2018\/08\/126289.png","datePublished":"2018-10-24T06:40:30+00:00","dateModified":"2019-09-07T04:54:06+00:00","breadcrumb":{"@id":"https:\/\/kihlberg.com\/sv\/verktyg\/forpackning\/126289\/#breadcrumb"},"inLanguage":"sv-SE","potentialAction":[{"@type":"ReadAction","target":["https:\/\/kihlberg.com\/sv\/verktyg\/forpackning\/126289\/"]}]},{"@type":"ImageObject","inLanguage":"sv-SE","@id":"https:\/\/kihlberg.com\/sv\/verktyg\/forpackning\/126289\/#primaryimage","url":"https:\/\/kihlberg.com\/wp-content\/uploads\/2018\/08\/126289.png","contentUrl":"https:\/\/kihlberg.com\/wp-content\/uploads\/2018\/08\/126289.png","width":720,"height":720},{"@type":"BreadcrumbList","@id":"https:\/\/kihlberg.com\/sv\/verktyg\/forpackning\/126289\/#breadcrumb","itemListElement":[{"@type":"ListItem","position":1,"name":"Home","item":"https:\/\/kihlberg.com\/sv\/"},{"@type":"ListItem","position":2,"name":"Shop","item":"https:\/\/kihlberg.com\/shop\/"},{"@type":"ListItem","position":3,"name":"Verktyg","item":"https:\/\/kihlberg.com\/sv\/verktyg\/"},{"@type":"ListItem","position":4,"name":"F\u00f6rpackning","item":"https:\/\/kihlberg.com\/sv\/verktyg\/forpackning\/"},{"@type":"ListItem","position":5,"name":"Klammerverktyg JK35T590"}]},{"@type":"WebSite","@id":"https:\/\/kihlberg.com\/sv\/#website","url":"https:\/\/kihlberg.com\/sv\/","name":"Josef kihlberg","description":"Made in Sweden. System manufacturer of premium staples &amp; tools that sets the standard. Legendary.","publisher":{"@id":"https:\/\/kihlberg.com\/sv\/#organization"},"potentialAction":[{"@type":"SearchAction","target":{"@type":"EntryPoint","urlTemplate":"https:\/\/kihlberg.com\/sv\/?s={search_term_string}"},"query-input":{"@type":"PropertyValueSpecification","valueRequired":true,"valueName":"search_term_string"}}],"inLanguage":"sv-SE"},{"@type":"Organization","@id":"https:\/\/kihlberg.com\/sv\/#organization","name":"Josef Kihlberg","url":"https:\/\/kihlberg.com\/sv\/","logo":{"@type":"ImageObject","inLanguage":"sv-SE","@id":"https:\/\/kihlberg.com\/sv\/#\/schema\/logo\/image\/","url":"https:\/\/kihlberg.com\/wp-content\/uploads\/2019\/01\/logo.jpg","contentUrl":"https:\/\/kihlberg.com\/wp-content\/uploads\/2019\/01\/logo.jpg","width":850,"height":850,"caption":"Josef Kihlberg"},"image":{"@id":"https:\/\/kihlberg.com\/sv\/#\/schema\/logo\/image\/"}}]},"product_price_amount":"932","product_price_currency":"EUR","og_availability":"instock","product_availability":"instock","product_retailer_item_id":"126289","product_condition":"new"},"_links":{"self":[{"href":"https:\/\/kihlberg.com\/sv\/wp-json\/wp\/v2\/product\/30074","targetHints":{"allow":["GET"]}}],"collection":[{"href":"https:\/\/kihlberg.com\/sv\/wp-json\/wp\/v2\/product"}],"about":[{"href":"https:\/\/kihlberg.com\/sv\/wp-json\/wp\/v2\/types\/product"}],"wp:featuredmedia":[{"embeddable":true,"href":"https:\/\/kihlberg.com\/sv\/wp-json\/wp\/v2\/media\/10242"}],"wp:attachment":[{"href":"https:\/\/kihlberg.com\/sv\/wp-json\/wp\/v2\/media?parent=30074"}],"wp:term":[{"taxonomy":"product_brand","embeddable":true,"href":"https:\/\/kihlberg.com\/sv\/wp-json\/wp\/v2\/product_brand?post=30074"},{"taxonomy":"product_cat","embeddable":true,"href":"https:\/\/kihlberg.com\/sv\/wp-json\/wp\/v2\/product_cat?post=30074"}],"curies":[{"name":"wp","href":"https:\/\/api.w.org\/{rel}","templated":true}]}}