{"id":30078,"date":"2018-09-21T10:32:18","date_gmt":"2018-10-24T06:40:30","guid":{"rendered":"https:\/\/kihlberg.com\/product\/120441\/"},"modified":"2022-05-31T21:14:27","modified_gmt":"2022-05-31T19:14:27","slug":"120441","status":"publish","type":"product","link":"https:\/\/kihlberg.com\/sv\/verktyg\/forpackning\/120441\/","title":{"rendered":"Planh\u00e4ftare F53"},"content":{"rendered":"","protected":false},"excerpt":{"rendered":"<p>Med denna svensktillverkade manuella planh\u00e4ftare, typ F f\u00f6r JK53-klammer, h\u00e4ftar du rationellt tex flak, h\u00f6rn och kanter. Den l\u00e4mpar sig ocks\u00e5 v\u00e4l f\u00f6r annan industriell h\u00e4ftning av olika material som textilier, skinn m.m. Med JK53 klammer, j\u00e4mf\u00f6rt med JK560 och JK561, f\u00e5r du en mindre synlig klamring.\tPlanh\u00e4ftaren \u00e4r rymlig, ergonomisk och har en stor laddningskapacitet. Detta proffsverktyg \u00e4r l\u00e4mpat f\u00f6r kontinuerlig anv\u00e4ndning p\u00e5 packningsavdelningar och i industrin.<\/p>\n","protected":false},"featured_media":9947,"template":"","meta":{"_acf_changed":false,"_genesis_hide_title":false,"_genesis_hide_breadcrumbs":false,"_genesis_hide_singular_image":false,"_genesis_hide_footer_widgets":false,"_genesis_custom_body_class":"","_genesis_custom_post_class":"","_genesis_layout":""},"product_brand":[],"product_cat":[420,392,402,148],"class_list":{"0":"post-30078","1":"product","2":"type-product","3":"status-publish","4":"has-post-thumbnail","6":"product_cat-forpackning","7":"product_cat-planhaftning","8":"product_cat-transportforpackningar","9":"product_cat-verktyg","10":"pa_free-anvil-height-860-sv-2","11":"pa_leg-length-920-sv-2","12":"pa_lubrication-nej","13":"pa_magazine-capacity-312-sv-2","14":"pa_staple-leg-length-9-15-mm-3-8-5-8-in-sv-2","15":"pa_throat-depth-60-sv-3","16":"entry","18":"first","19":"instock","20":"taxable","21":"shipping-taxable","22":"purchasable","23":"product-type-simple"},"acf":[],"yoast_head":"<!-- This site is optimized with the Yoast SEO plugin v26.1.1 - https:\/\/yoast.com\/wordpress\/plugins\/seo\/ -->\n<title>Planh\u00e4ftare F53<\/title>\n<meta name=\"robots\" content=\"index, follow, max-snippet:-1, max-image-preview:large, max-video-preview:-1\" \/>\n<link rel=\"canonical\" href=\"https:\/\/kihlberg.com\/sv\/verktyg\/forpackning\/120441\/\" \/>\n<meta property=\"og:locale\" content=\"sv_SE\" \/>\n<meta property=\"og:type\" content=\"article\" \/>\n<meta property=\"og:title\" content=\"Planh\u00e4ftare F53\" \/>\n<meta property=\"og:description\" content=\"Med denna svensktillverkade manuella planh\u00e4ftare, typ F f\u00f6r JK53-klammer, h\u00e4ftar du rationellt tex flak, h\u00f6rn och kanter. Den l\u00e4mpar sig ocks\u00e5 v\u00e4l f\u00f6r annan industriell h\u00e4ftning av olika material som textilier, skinn m.m. Med JK53 klammer, j\u00e4mf\u00f6rt med JK560 och JK561, f\u00e5r du en mindre synlig klamring. Planh\u00e4ftaren \u00e4r rymlig, ergonomisk och har en stor laddningskapacitet. Detta proffsverktyg \u00e4r l\u00e4mpat f\u00f6r kontinuerlig anv\u00e4ndning p\u00e5 packningsavdelningar och i industrin.\" \/>\n<meta property=\"og:url\" content=\"https:\/\/kihlberg.com\/sv\/verktyg\/forpackning\/120441\/\" \/>\n<meta property=\"og:site_name\" content=\"Josef kihlberg\" \/>\n<meta property=\"article:modified_time\" content=\"2022-05-31T19:14:27+00:00\" \/>\n<meta property=\"og:image\" content=\"https:\/\/kihlberg.com\/wp-content\/uploads\/2018\/08\/120441.png\" \/>\n\t<meta property=\"og:image:width\" content=\"720\" \/>\n\t<meta property=\"og:image:height\" content=\"720\" \/>\n\t<meta property=\"og:image:type\" content=\"image\/png\" \/>\n<meta name=\"twitter:card\" content=\"summary_large_image\" \/>\n<meta name=\"twitter:label1\" content=\"Pris\" \/>\n\t<meta name=\"twitter:data1\" content=\"&euro;1 181\" \/>\n\t<meta name=\"twitter:label2\" content=\"Tillg\u00e4nglig\" \/>\n\t<meta name=\"twitter:data2\" content=\"I lager\" \/>\n<script type=\"application\/ld+json\" class=\"yoast-schema-graph\">{\"@context\":\"https:\/\/schema.org\",\"@graph\":[{\"@type\":\"WebPage\",\"@id\":\"https:\/\/kihlberg.com\/sv\/verktyg\/forpackning\/120441\/\",\"url\":\"https:\/\/kihlberg.com\/sv\/verktyg\/forpackning\/120441\/\",\"name\":\"Planh\u00e4ftare F53\",\"isPartOf\":{\"@id\":\"https:\/\/kihlberg.com\/sv\/#website\"},\"primaryImageOfPage\":{\"@id\":\"https:\/\/kihlberg.com\/sv\/verktyg\/forpackning\/120441\/#primaryimage\"},\"image\":{\"@id\":\"https:\/\/kihlberg.com\/sv\/verktyg\/forpackning\/120441\/#primaryimage\"},\"thumbnailUrl\":\"https:\/\/kihlberg.com\/wp-content\/uploads\/2018\/08\/120441.png\",\"datePublished\":\"2018-10-24T06:40:30+00:00\",\"dateModified\":\"2022-05-31T19:14:27+00:00\",\"breadcrumb\":{\"@id\":\"https:\/\/kihlberg.com\/sv\/verktyg\/forpackning\/120441\/#breadcrumb\"},\"inLanguage\":\"sv-SE\",\"potentialAction\":[{\"@type\":\"ReadAction\",\"target\":[\"https:\/\/kihlberg.com\/sv\/verktyg\/forpackning\/120441\/\"]}]},{\"@type\":\"ImageObject\",\"inLanguage\":\"sv-SE\",\"@id\":\"https:\/\/kihlberg.com\/sv\/verktyg\/forpackning\/120441\/#primaryimage\",\"url\":\"https:\/\/kihlberg.com\/wp-content\/uploads\/2018\/08\/120441.png\",\"contentUrl\":\"https:\/\/kihlberg.com\/wp-content\/uploads\/2018\/08\/120441.png\",\"width\":720,\"height\":720},{\"@type\":\"BreadcrumbList\",\"@id\":\"https:\/\/kihlberg.com\/sv\/verktyg\/forpackning\/120441\/#breadcrumb\",\"itemListElement\":[{\"@type\":\"ListItem\",\"position\":1,\"name\":\"Home\",\"item\":\"https:\/\/kihlberg.com\/sv\/\"},{\"@type\":\"ListItem\",\"position\":2,\"name\":\"Shop\",\"item\":\"https:\/\/kihlberg.com\/shop\/\"},{\"@type\":\"ListItem\",\"position\":3,\"name\":\"Verktyg\",\"item\":\"https:\/\/kihlberg.com\/sv\/verktyg\/\"},{\"@type\":\"ListItem\",\"position\":4,\"name\":\"applikation\",\"item\":\"https:\/\/kihlberg.com\/sv\/verktyg\/applikation\/\"},{\"@type\":\"ListItem\",\"position\":5,\"name\":\"Planh\u00e4ftning\",\"item\":\"https:\/\/kihlberg.com\/sv\/verktyg\/applikation\/planhaftning\/\"},{\"@type\":\"ListItem\",\"position\":6,\"name\":\"Planh\u00e4ftare F53\"}]},{\"@type\":\"WebSite\",\"@id\":\"https:\/\/kihlberg.com\/sv\/#website\",\"url\":\"https:\/\/kihlberg.com\/sv\/\",\"name\":\"Josef kihlberg\",\"description\":\"Made in Sweden. System manufacturer of premium staples &amp; tools that sets the standard. Legendary.\",\"publisher\":{\"@id\":\"https:\/\/kihlberg.com\/sv\/#organization\"},\"potentialAction\":[{\"@type\":\"SearchAction\",\"target\":{\"@type\":\"EntryPoint\",\"urlTemplate\":\"https:\/\/kihlberg.com\/sv\/?s={search_term_string}\"},\"query-input\":{\"@type\":\"PropertyValueSpecification\",\"valueRequired\":true,\"valueName\":\"search_term_string\"}}],\"inLanguage\":\"sv-SE\"},{\"@type\":\"Organization\",\"@id\":\"https:\/\/kihlberg.com\/sv\/#organization\",\"name\":\"Josef Kihlberg\",\"url\":\"https:\/\/kihlberg.com\/sv\/\",\"logo\":{\"@type\":\"ImageObject\",\"inLanguage\":\"sv-SE\",\"@id\":\"https:\/\/kihlberg.com\/sv\/#\/schema\/logo\/image\/\",\"url\":\"https:\/\/kihlberg.com\/wp-content\/uploads\/2019\/01\/logo.jpg\",\"contentUrl\":\"https:\/\/kihlberg.com\/wp-content\/uploads\/2019\/01\/logo.jpg\",\"width\":850,\"height\":850,\"caption\":\"Josef Kihlberg\"},\"image\":{\"@id\":\"https:\/\/kihlberg.com\/sv\/#\/schema\/logo\/image\/\"}}]}<\/script>\n<meta property=\"product:price:amount\" content=\"1181\" \/>\n<meta property=\"product:price:currency\" content=\"EUR\" \/>\n<meta property=\"og:availability\" content=\"instock\" \/>\n<meta property=\"product:availability\" content=\"instock\" \/>\n<meta property=\"product:retailer_item_id\" content=\"120441\" \/>\n<meta property=\"product:condition\" content=\"new\" \/>\n<!-- \/ Yoast SEO plugin. -->","yoast_head_json":{"title":"Planh\u00e4ftare F53","robots":{"index":"index","follow":"follow","max-snippet":"max-snippet:-1","max-image-preview":"max-image-preview:large","max-video-preview":"max-video-preview:-1"},"canonical":"https:\/\/kihlberg.com\/sv\/verktyg\/forpackning\/120441\/","og_locale":"sv_SE","og_type":"article","og_title":"Planh\u00e4ftare F53","og_description":"Med denna svensktillverkade manuella planh\u00e4ftare, typ F f\u00f6r JK53-klammer, h\u00e4ftar du rationellt tex flak, h\u00f6rn och kanter. Den l\u00e4mpar sig ocks\u00e5 v\u00e4l f\u00f6r annan industriell h\u00e4ftning av olika material som textilier, skinn m.m. Med JK53 klammer, j\u00e4mf\u00f6rt med JK560 och JK561, f\u00e5r du en mindre synlig klamring. Planh\u00e4ftaren \u00e4r rymlig, ergonomisk och har en stor laddningskapacitet. Detta proffsverktyg \u00e4r l\u00e4mpat f\u00f6r kontinuerlig anv\u00e4ndning p\u00e5 packningsavdelningar och i industrin.","og_url":"https:\/\/kihlberg.com\/sv\/verktyg\/forpackning\/120441\/","og_site_name":"Josef kihlberg","article_modified_time":"2022-05-31T19:14:27+00:00","og_image":[{"width":720,"height":720,"url":"https:\/\/kihlberg.com\/wp-content\/uploads\/2018\/08\/120441.png","type":"image\/png"}],"twitter_card":"summary_large_image","twitter_misc":{"Pris":"&euro;1 181","Tillg\u00e4nglig":"I lager"},"schema":{"@context":"https:\/\/schema.org","@graph":[{"@type":"WebPage","@id":"https:\/\/kihlberg.com\/sv\/verktyg\/forpackning\/120441\/","url":"https:\/\/kihlberg.com\/sv\/verktyg\/forpackning\/120441\/","name":"Planh\u00e4ftare F53","isPartOf":{"@id":"https:\/\/kihlberg.com\/sv\/#website"},"primaryImageOfPage":{"@id":"https:\/\/kihlberg.com\/sv\/verktyg\/forpackning\/120441\/#primaryimage"},"image":{"@id":"https:\/\/kihlberg.com\/sv\/verktyg\/forpackning\/120441\/#primaryimage"},"thumbnailUrl":"https:\/\/kihlberg.com\/wp-content\/uploads\/2018\/08\/120441.png","datePublished":"2018-10-24T06:40:30+00:00","dateModified":"2022-05-31T19:14:27+00:00","breadcrumb":{"@id":"https:\/\/kihlberg.com\/sv\/verktyg\/forpackning\/120441\/#breadcrumb"},"inLanguage":"sv-SE","potentialAction":[{"@type":"ReadAction","target":["https:\/\/kihlberg.com\/sv\/verktyg\/forpackning\/120441\/"]}]},{"@type":"ImageObject","inLanguage":"sv-SE","@id":"https:\/\/kihlberg.com\/sv\/verktyg\/forpackning\/120441\/#primaryimage","url":"https:\/\/kihlberg.com\/wp-content\/uploads\/2018\/08\/120441.png","contentUrl":"https:\/\/kihlberg.com\/wp-content\/uploads\/2018\/08\/120441.png","width":720,"height":720},{"@type":"BreadcrumbList","@id":"https:\/\/kihlberg.com\/sv\/verktyg\/forpackning\/120441\/#breadcrumb","itemListElement":[{"@type":"ListItem","position":1,"name":"Home","item":"https:\/\/kihlberg.com\/sv\/"},{"@type":"ListItem","position":2,"name":"Shop","item":"https:\/\/kihlberg.com\/shop\/"},{"@type":"ListItem","position":3,"name":"Verktyg","item":"https:\/\/kihlberg.com\/sv\/verktyg\/"},{"@type":"ListItem","position":4,"name":"applikation","item":"https:\/\/kihlberg.com\/sv\/verktyg\/applikation\/"},{"@type":"ListItem","position":5,"name":"Planh\u00e4ftning","item":"https:\/\/kihlberg.com\/sv\/verktyg\/applikation\/planhaftning\/"},{"@type":"ListItem","position":6,"name":"Planh\u00e4ftare F53"}]},{"@type":"WebSite","@id":"https:\/\/kihlberg.com\/sv\/#website","url":"https:\/\/kihlberg.com\/sv\/","name":"Josef kihlberg","description":"Made in Sweden. System manufacturer of premium staples &amp; tools that sets the standard. Legendary.","publisher":{"@id":"https:\/\/kihlberg.com\/sv\/#organization"},"potentialAction":[{"@type":"SearchAction","target":{"@type":"EntryPoint","urlTemplate":"https:\/\/kihlberg.com\/sv\/?s={search_term_string}"},"query-input":{"@type":"PropertyValueSpecification","valueRequired":true,"valueName":"search_term_string"}}],"inLanguage":"sv-SE"},{"@type":"Organization","@id":"https:\/\/kihlberg.com\/sv\/#organization","name":"Josef Kihlberg","url":"https:\/\/kihlberg.com\/sv\/","logo":{"@type":"ImageObject","inLanguage":"sv-SE","@id":"https:\/\/kihlberg.com\/sv\/#\/schema\/logo\/image\/","url":"https:\/\/kihlberg.com\/wp-content\/uploads\/2019\/01\/logo.jpg","contentUrl":"https:\/\/kihlberg.com\/wp-content\/uploads\/2019\/01\/logo.jpg","width":850,"height":850,"caption":"Josef Kihlberg"},"image":{"@id":"https:\/\/kihlberg.com\/sv\/#\/schema\/logo\/image\/"}}]},"product_price_amount":"1181","product_price_currency":"EUR","og_availability":"instock","product_availability":"instock","product_retailer_item_id":"120441","product_condition":"new"},"_links":{"self":[{"href":"https:\/\/kihlberg.com\/sv\/wp-json\/wp\/v2\/product\/30078","targetHints":{"allow":["GET"]}}],"collection":[{"href":"https:\/\/kihlberg.com\/sv\/wp-json\/wp\/v2\/product"}],"about":[{"href":"https:\/\/kihlberg.com\/sv\/wp-json\/wp\/v2\/types\/product"}],"wp:featuredmedia":[{"embeddable":true,"href":"https:\/\/kihlberg.com\/sv\/wp-json\/wp\/v2\/media\/9947"}],"wp:attachment":[{"href":"https:\/\/kihlberg.com\/sv\/wp-json\/wp\/v2\/media?parent=30078"}],"wp:term":[{"taxonomy":"product_brand","embeddable":true,"href":"https:\/\/kihlberg.com\/sv\/wp-json\/wp\/v2\/product_brand?post=30078"},{"taxonomy":"product_cat","embeddable":true,"href":"https:\/\/kihlberg.com\/sv\/wp-json\/wp\/v2\/product_cat?post=30078"}],"curies":[{"name":"wp","href":"https:\/\/api.w.org\/{rel}","templated":true}]}}