{"id":30086,"date":"2018-09-21T10:32:52","date_gmt":"2018-10-24T06:40:30","guid":{"rendered":"https:\/\/kihlberg.com\/product\/129002\/"},"modified":"2019-09-07T04:54:13","modified_gmt":"2019-09-07T04:54:13","slug":"129002","status":"publish","type":"product","link":"https:\/\/kihlberg.com\/sv\/verktyg\/stalbandning\/129002\/","title":{"rendered":"Bandvagga st\u00e5lband JK-ENK"},"content":{"rendered":"","protected":false},"excerpt":{"rendered":"<p>Bandvagga JK-ENK en nordiskt tillverkad bandvagga som passar f\u00f6r enkelspolat st\u00e5lband med en bredd p\u00e5 13-19 mm.  Trots sin robusta konstruktion \u00e4r vaggan \u00e4r smidig att anv\u00e4nda och spolbytet g\u00f6rs enkelt . JK-ENK \u00e4r utrustad med ett rymligt fack f\u00f6r verktyg och tillbeh\u00f6r som ger en h\u00f6gre effektivitet \u00f6ver tid.<\/p>\n","protected":false},"featured_media":10302,"template":"","meta":{"_acf_changed":false,"_genesis_hide_title":false,"_genesis_hide_breadcrumbs":false,"_genesis_hide_singular_image":false,"_genesis_hide_footer_widgets":false,"_genesis_custom_body_class":"","_genesis_custom_post_class":"","_genesis_layout":""},"product_brand":[],"product_cat":[420,426,148],"class_list":{"0":"post-30086","1":"product","2":"type-product","3":"status-publish","4":"has-post-thumbnail","6":"product_cat-forpackning","7":"product_cat-stalbandning","8":"product_cat-verktyg","9":"pa_leg-length-1000-sv-2","10":"pa_lubrication-nej","11":"pa_strap-width-13-19-sv-3","12":"entry","14":"first","15":"instock","16":"taxable","17":"shipping-taxable","18":"purchasable","19":"product-type-simple"},"acf":[],"yoast_head":"<!-- This site is optimized with the Yoast SEO plugin v26.1.1 - https:\/\/yoast.com\/wordpress\/plugins\/seo\/ -->\n<title>Bandvagga st\u00e5lband JK-ENK<\/title>\n<meta name=\"description\" content=\"Nordisk tillverkad bandvagga som f\u00f6r enkelspolat st\u00e5lband. Robust konstruktion. Ger snabba och enkla spolbyten. Uppt\u00e4ck mer!\" \/>\n<meta name=\"robots\" content=\"index, follow, max-snippet:-1, max-image-preview:large, max-video-preview:-1\" \/>\n<link rel=\"canonical\" href=\"https:\/\/kihlberg.com\/sv\/verktyg\/stalbandning\/129002\/\" \/>\n<meta property=\"og:locale\" content=\"sv_SE\" \/>\n<meta property=\"og:type\" content=\"article\" \/>\n<meta property=\"og:title\" content=\"Bandvagga st\u00e5lband JK-ENK\" \/>\n<meta property=\"og:description\" content=\"Nordisk tillverkad bandvagga som f\u00f6r enkelspolat st\u00e5lband. Robust konstruktion. Ger snabba och enkla spolbyten. Uppt\u00e4ck mer!\" \/>\n<meta property=\"og:url\" content=\"https:\/\/kihlberg.com\/sv\/verktyg\/stalbandning\/129002\/\" \/>\n<meta property=\"og:site_name\" content=\"Josef kihlberg\" \/>\n<meta property=\"article:modified_time\" content=\"2019-09-07T04:54:13+00:00\" \/>\n<meta property=\"og:image\" content=\"https:\/\/kihlberg.com\/wp-content\/uploads\/2018\/08\/129002.jpg\" \/>\n\t<meta property=\"og:image:width\" content=\"720\" \/>\n\t<meta property=\"og:image:height\" content=\"720\" \/>\n\t<meta property=\"og:image:type\" content=\"image\/jpeg\" \/>\n<meta name=\"twitter:card\" content=\"summary_large_image\" \/>\n<meta name=\"twitter:label1\" content=\"Pris\" \/>\n\t<meta name=\"twitter:data1\" content=\"&euro;274\" \/>\n\t<meta name=\"twitter:label2\" content=\"Tillg\u00e4nglig\" \/>\n\t<meta name=\"twitter:data2\" content=\"I lager\" \/>\n<script type=\"application\/ld+json\" class=\"yoast-schema-graph\">{\"@context\":\"https:\/\/schema.org\",\"@graph\":[{\"@type\":\"WebPage\",\"@id\":\"https:\/\/kihlberg.com\/sv\/verktyg\/stalbandning\/129002\/\",\"url\":\"https:\/\/kihlberg.com\/sv\/verktyg\/stalbandning\/129002\/\",\"name\":\"Bandvagga st\u00e5lband JK-ENK\",\"isPartOf\":{\"@id\":\"https:\/\/kihlberg.com\/sv\/#website\"},\"primaryImageOfPage\":{\"@id\":\"https:\/\/kihlberg.com\/sv\/verktyg\/stalbandning\/129002\/#primaryimage\"},\"image\":{\"@id\":\"https:\/\/kihlberg.com\/sv\/verktyg\/stalbandning\/129002\/#primaryimage\"},\"thumbnailUrl\":\"https:\/\/kihlberg.com\/wp-content\/uploads\/2018\/08\/129002.jpg\",\"datePublished\":\"2018-10-24T06:40:30+00:00\",\"dateModified\":\"2019-09-07T04:54:13+00:00\",\"description\":\"Nordisk tillverkad bandvagga som f\u00f6r enkelspolat st\u00e5lband. Robust konstruktion. Ger snabba och enkla spolbyten. Uppt\u00e4ck mer!\",\"breadcrumb\":{\"@id\":\"https:\/\/kihlberg.com\/sv\/verktyg\/stalbandning\/129002\/#breadcrumb\"},\"inLanguage\":\"sv-SE\",\"potentialAction\":[{\"@type\":\"ReadAction\",\"target\":[\"https:\/\/kihlberg.com\/sv\/verktyg\/stalbandning\/129002\/\"]}]},{\"@type\":\"ImageObject\",\"inLanguage\":\"sv-SE\",\"@id\":\"https:\/\/kihlberg.com\/sv\/verktyg\/stalbandning\/129002\/#primaryimage\",\"url\":\"https:\/\/kihlberg.com\/wp-content\/uploads\/2018\/08\/129002.jpg\",\"contentUrl\":\"https:\/\/kihlberg.com\/wp-content\/uploads\/2018\/08\/129002.jpg\",\"width\":720,\"height\":720},{\"@type\":\"BreadcrumbList\",\"@id\":\"https:\/\/kihlberg.com\/sv\/verktyg\/stalbandning\/129002\/#breadcrumb\",\"itemListElement\":[{\"@type\":\"ListItem\",\"position\":1,\"name\":\"Home\",\"item\":\"https:\/\/kihlberg.com\/sv\/\"},{\"@type\":\"ListItem\",\"position\":2,\"name\":\"Shop\",\"item\":\"https:\/\/kihlberg.com\/shop\/\"},{\"@type\":\"ListItem\",\"position\":3,\"name\":\"Verktyg\",\"item\":\"https:\/\/kihlberg.com\/sv\/verktyg\/\"},{\"@type\":\"ListItem\",\"position\":4,\"name\":\"F\u00f6rpackning\",\"item\":\"https:\/\/kihlberg.com\/sv\/verktyg\/forpackning\/\"},{\"@type\":\"ListItem\",\"position\":5,\"name\":\"Bandvagga st\u00e5lband JK-ENK\"}]},{\"@type\":\"WebSite\",\"@id\":\"https:\/\/kihlberg.com\/sv\/#website\",\"url\":\"https:\/\/kihlberg.com\/sv\/\",\"name\":\"Josef kihlberg\",\"description\":\"Made in Sweden. System manufacturer of premium staples &amp; tools that sets the standard. Legendary.\",\"publisher\":{\"@id\":\"https:\/\/kihlberg.com\/sv\/#organization\"},\"potentialAction\":[{\"@type\":\"SearchAction\",\"target\":{\"@type\":\"EntryPoint\",\"urlTemplate\":\"https:\/\/kihlberg.com\/sv\/?s={search_term_string}\"},\"query-input\":{\"@type\":\"PropertyValueSpecification\",\"valueRequired\":true,\"valueName\":\"search_term_string\"}}],\"inLanguage\":\"sv-SE\"},{\"@type\":\"Organization\",\"@id\":\"https:\/\/kihlberg.com\/sv\/#organization\",\"name\":\"Josef Kihlberg\",\"url\":\"https:\/\/kihlberg.com\/sv\/\",\"logo\":{\"@type\":\"ImageObject\",\"inLanguage\":\"sv-SE\",\"@id\":\"https:\/\/kihlberg.com\/sv\/#\/schema\/logo\/image\/\",\"url\":\"https:\/\/kihlberg.com\/wp-content\/uploads\/2019\/01\/logo.jpg\",\"contentUrl\":\"https:\/\/kihlberg.com\/wp-content\/uploads\/2019\/01\/logo.jpg\",\"width\":850,\"height\":850,\"caption\":\"Josef Kihlberg\"},\"image\":{\"@id\":\"https:\/\/kihlberg.com\/sv\/#\/schema\/logo\/image\/\"}}]}<\/script>\n<meta property=\"product:price:amount\" content=\"274\" \/>\n<meta property=\"product:price:currency\" content=\"EUR\" \/>\n<meta property=\"og:availability\" content=\"instock\" \/>\n<meta property=\"product:availability\" content=\"instock\" \/>\n<meta property=\"product:retailer_item_id\" content=\"129002\" \/>\n<meta property=\"product:condition\" content=\"new\" \/>\n<!-- \/ Yoast SEO plugin. -->","yoast_head_json":{"title":"Bandvagga st\u00e5lband JK-ENK","description":"Nordisk tillverkad bandvagga som f\u00f6r enkelspolat st\u00e5lband. Robust konstruktion. Ger snabba och enkla spolbyten. Uppt\u00e4ck mer!","robots":{"index":"index","follow":"follow","max-snippet":"max-snippet:-1","max-image-preview":"max-image-preview:large","max-video-preview":"max-video-preview:-1"},"canonical":"https:\/\/kihlberg.com\/sv\/verktyg\/stalbandning\/129002\/","og_locale":"sv_SE","og_type":"article","og_title":"Bandvagga st\u00e5lband JK-ENK","og_description":"Nordisk tillverkad bandvagga som f\u00f6r enkelspolat st\u00e5lband. Robust konstruktion. Ger snabba och enkla spolbyten. Uppt\u00e4ck mer!","og_url":"https:\/\/kihlberg.com\/sv\/verktyg\/stalbandning\/129002\/","og_site_name":"Josef kihlberg","article_modified_time":"2019-09-07T04:54:13+00:00","og_image":[{"width":720,"height":720,"url":"https:\/\/kihlberg.com\/wp-content\/uploads\/2018\/08\/129002.jpg","type":"image\/jpeg"}],"twitter_card":"summary_large_image","twitter_misc":{"Pris":"&euro;274","Tillg\u00e4nglig":"I lager"},"schema":{"@context":"https:\/\/schema.org","@graph":[{"@type":"WebPage","@id":"https:\/\/kihlberg.com\/sv\/verktyg\/stalbandning\/129002\/","url":"https:\/\/kihlberg.com\/sv\/verktyg\/stalbandning\/129002\/","name":"Bandvagga st\u00e5lband JK-ENK","isPartOf":{"@id":"https:\/\/kihlberg.com\/sv\/#website"},"primaryImageOfPage":{"@id":"https:\/\/kihlberg.com\/sv\/verktyg\/stalbandning\/129002\/#primaryimage"},"image":{"@id":"https:\/\/kihlberg.com\/sv\/verktyg\/stalbandning\/129002\/#primaryimage"},"thumbnailUrl":"https:\/\/kihlberg.com\/wp-content\/uploads\/2018\/08\/129002.jpg","datePublished":"2018-10-24T06:40:30+00:00","dateModified":"2019-09-07T04:54:13+00:00","description":"Nordisk tillverkad bandvagga som f\u00f6r enkelspolat st\u00e5lband. Robust konstruktion. Ger snabba och enkla spolbyten. Uppt\u00e4ck mer!","breadcrumb":{"@id":"https:\/\/kihlberg.com\/sv\/verktyg\/stalbandning\/129002\/#breadcrumb"},"inLanguage":"sv-SE","potentialAction":[{"@type":"ReadAction","target":["https:\/\/kihlberg.com\/sv\/verktyg\/stalbandning\/129002\/"]}]},{"@type":"ImageObject","inLanguage":"sv-SE","@id":"https:\/\/kihlberg.com\/sv\/verktyg\/stalbandning\/129002\/#primaryimage","url":"https:\/\/kihlberg.com\/wp-content\/uploads\/2018\/08\/129002.jpg","contentUrl":"https:\/\/kihlberg.com\/wp-content\/uploads\/2018\/08\/129002.jpg","width":720,"height":720},{"@type":"BreadcrumbList","@id":"https:\/\/kihlberg.com\/sv\/verktyg\/stalbandning\/129002\/#breadcrumb","itemListElement":[{"@type":"ListItem","position":1,"name":"Home","item":"https:\/\/kihlberg.com\/sv\/"},{"@type":"ListItem","position":2,"name":"Shop","item":"https:\/\/kihlberg.com\/shop\/"},{"@type":"ListItem","position":3,"name":"Verktyg","item":"https:\/\/kihlberg.com\/sv\/verktyg\/"},{"@type":"ListItem","position":4,"name":"F\u00f6rpackning","item":"https:\/\/kihlberg.com\/sv\/verktyg\/forpackning\/"},{"@type":"ListItem","position":5,"name":"Bandvagga st\u00e5lband JK-ENK"}]},{"@type":"WebSite","@id":"https:\/\/kihlberg.com\/sv\/#website","url":"https:\/\/kihlberg.com\/sv\/","name":"Josef kihlberg","description":"Made in Sweden. System manufacturer of premium staples &amp; tools that sets the standard. Legendary.","publisher":{"@id":"https:\/\/kihlberg.com\/sv\/#organization"},"potentialAction":[{"@type":"SearchAction","target":{"@type":"EntryPoint","urlTemplate":"https:\/\/kihlberg.com\/sv\/?s={search_term_string}"},"query-input":{"@type":"PropertyValueSpecification","valueRequired":true,"valueName":"search_term_string"}}],"inLanguage":"sv-SE"},{"@type":"Organization","@id":"https:\/\/kihlberg.com\/sv\/#organization","name":"Josef Kihlberg","url":"https:\/\/kihlberg.com\/sv\/","logo":{"@type":"ImageObject","inLanguage":"sv-SE","@id":"https:\/\/kihlberg.com\/sv\/#\/schema\/logo\/image\/","url":"https:\/\/kihlberg.com\/wp-content\/uploads\/2019\/01\/logo.jpg","contentUrl":"https:\/\/kihlberg.com\/wp-content\/uploads\/2019\/01\/logo.jpg","width":850,"height":850,"caption":"Josef Kihlberg"},"image":{"@id":"https:\/\/kihlberg.com\/sv\/#\/schema\/logo\/image\/"}}]},"product_price_amount":"274","product_price_currency":"EUR","og_availability":"instock","product_availability":"instock","product_retailer_item_id":"129002","product_condition":"new"},"_links":{"self":[{"href":"https:\/\/kihlberg.com\/sv\/wp-json\/wp\/v2\/product\/30086","targetHints":{"allow":["GET"]}}],"collection":[{"href":"https:\/\/kihlberg.com\/sv\/wp-json\/wp\/v2\/product"}],"about":[{"href":"https:\/\/kihlberg.com\/sv\/wp-json\/wp\/v2\/types\/product"}],"wp:featuredmedia":[{"embeddable":true,"href":"https:\/\/kihlberg.com\/sv\/wp-json\/wp\/v2\/media\/10302"}],"wp:attachment":[{"href":"https:\/\/kihlberg.com\/sv\/wp-json\/wp\/v2\/media?parent=30086"}],"wp:term":[{"taxonomy":"product_brand","embeddable":true,"href":"https:\/\/kihlberg.com\/sv\/wp-json\/wp\/v2\/product_brand?post=30086"},{"taxonomy":"product_cat","embeddable":true,"href":"https:\/\/kihlberg.com\/sv\/wp-json\/wp\/v2\/product_cat?post=30086"}],"curies":[{"name":"wp","href":"https:\/\/api.w.org\/{rel}","templated":true}]}}