{"id":30095,"date":"2018-09-21T10:33:29","date_gmt":"2018-10-24T06:40:30","guid":{"rendered":"https:\/\/kihlberg.com\/product\/126037\/"},"modified":"2022-05-31T21:11:49","modified_gmt":"2022-05-31T19:11:49","slug":"126037","status":"publish","type":"product","link":"https:\/\/kihlberg.com\/sv\/verktyg\/industri\/126037\/","title":{"rendered":"Klammerverktyg JK20A680L"},"content":{"rendered":"","protected":false},"excerpt":{"rendered":"<p>Klammerverktyg JK20A680L \u00e4r v\u00e5rt svensktillverkade tryckluftsdrivna proffsverktyg. Jk20A680L \u00e4r ett utm\u00e4rkt verktyg f\u00f6r m\u00f6bel-, s\u00e4ng- och snickeriindustrin. Men givetvis ocks\u00e5 f\u00f6r annat material s\u00e5 som skivmaterial mot tr\u00e4. JK20A680L har en h\u00f6g effektivitet som ger dig tidsbesparing och l\u00f6nsamhet \u00f6ver tid. Klammerverktygets automatfunktion \u00e4r mycket snabb, upp till 30 klammer\/sekund (1700 per minut), och kan l\u00e4tt \u00e4ndras fr\u00e5n noll till max med hj\u00e4lp av en st\u00e4llskruv. Om s\u00e5 beh\u00f6vs kan den automatiska driften st\u00e4ngas av genom att trycka p\u00e5 en knapp. P\u00e5 detta s\u00e4tt kan man enkelt v\u00e4xla mellan enkelskotts- och automatavfyrning. P\u00e5 grund av sin  unika konstruktion, den l\u00e5ga ljudniv\u00e5n och f\u00f6rsumbara rekyl g\u00f6r JK20A680L l\u00e4ttarbetat och tilltalande f\u00f6r anv\u00e4ndaren.<\/p>\n","protected":false},"featured_media":10162,"template":"","meta":{"_acf_changed":false,"_genesis_hide_title":false,"_genesis_hide_breadcrumbs":false,"_genesis_hide_singular_image":false,"_genesis_hide_footer_widgets":false,"_genesis_custom_body_class":"","_genesis_custom_post_class":"","_genesis_layout":""},"product_brand":[],"product_cat":[410,1155,380,405,148],"class_list":{"0":"post-30095","1":"product","2":"type-product","3":"status-publish","4":"has-post-thumbnail","6":"product_cat-fonster-dorrar","7":"product_cat-industri","8":"product_cat-sangtillverkning","9":"product_cat-stoppmobler","10":"product_cat-verktyg","11":"pa_leg-length-365-sv-2","12":"pa_lubrication-ja","13":"pa_magazine-capacity-286-sv-3","14":"pa_max-pressure-7-sv-4","15":"pa_nose-length-14-sv-3","16":"pa_staple-leg-length-6-14-mm-1-4-9-16-in-sv-2","17":"entry","19":"first","20":"instock","21":"taxable","22":"shipping-taxable","23":"purchasable","24":"product-type-simple"},"acf":[],"yoast_head":"<!-- This site is optimized with the Yoast SEO plugin v26.1.1 - https:\/\/yoast.com\/wordpress\/plugins\/seo\/ -->\n<title>Klammerverktyg JK20A680L<\/title>\n<meta name=\"robots\" content=\"index, follow, max-snippet:-1, max-image-preview:large, max-video-preview:-1\" \/>\n<link rel=\"canonical\" href=\"https:\/\/kihlberg.com\/sv\/verktyg\/industri\/126037\/\" \/>\n<meta property=\"og:locale\" content=\"sv_SE\" \/>\n<meta property=\"og:type\" content=\"article\" \/>\n<meta property=\"og:title\" content=\"Klammerverktyg JK20A680L\" \/>\n<meta property=\"og:description\" content=\"Klammerverktyg JK20A680L \u00e4r v\u00e5rt svensktillverkade tryckluftsdrivna proffsverktyg. Jk20A680L \u00e4r ett utm\u00e4rkt verktyg f\u00f6r m\u00f6bel-, s\u00e4ng- och snickeriindustrin. Men givetvis ocks\u00e5 f\u00f6r annat material s\u00e5 som skivmaterial mot tr\u00e4. JK20A680L har en h\u00f6g effektivitet som ger dig tidsbesparing och l\u00f6nsamhet \u00f6ver tid. Klammerverktygets automatfunktion \u00e4r mycket snabb, upp till 30 klammer\/sekund (1700 per minut), och kan l\u00e4tt \u00e4ndras fr\u00e5n noll till max med hj\u00e4lp av en st\u00e4llskruv. Om s\u00e5 beh\u00f6vs kan den automatiska driften st\u00e4ngas av genom att trycka p\u00e5 en knapp. P\u00e5 detta s\u00e4tt kan man enkelt v\u00e4xla mellan enkelskotts- och automatavfyrning. P\u00e5 grund av sin unika konstruktion, den l\u00e5ga ljudniv\u00e5n och f\u00f6rsumbara rekyl g\u00f6r JK20A680L l\u00e4ttarbetat och tilltalande f\u00f6r anv\u00e4ndaren.\" \/>\n<meta property=\"og:url\" content=\"https:\/\/kihlberg.com\/sv\/verktyg\/industri\/126037\/\" \/>\n<meta property=\"og:site_name\" content=\"Josef kihlberg\" \/>\n<meta property=\"article:modified_time\" content=\"2022-05-31T19:11:49+00:00\" \/>\n<meta property=\"og:image\" content=\"https:\/\/kihlberg.com\/wp-content\/uploads\/2018\/08\/126037.png\" \/>\n\t<meta property=\"og:image:width\" content=\"720\" \/>\n\t<meta property=\"og:image:height\" content=\"720\" \/>\n\t<meta property=\"og:image:type\" content=\"image\/png\" \/>\n<meta name=\"twitter:card\" content=\"summary_large_image\" \/>\n<meta name=\"twitter:label1\" content=\"Pris\" \/>\n\t<meta name=\"twitter:data1\" content=\"&euro;572\" \/>\n\t<meta name=\"twitter:label2\" content=\"Tillg\u00e4nglig\" \/>\n\t<meta name=\"twitter:data2\" content=\"I lager\" \/>\n<script type=\"application\/ld+json\" class=\"yoast-schema-graph\">{\"@context\":\"https:\/\/schema.org\",\"@graph\":[{\"@type\":\"WebPage\",\"@id\":\"https:\/\/kihlberg.com\/sv\/verktyg\/industri\/126037\/\",\"url\":\"https:\/\/kihlberg.com\/sv\/verktyg\/industri\/126037\/\",\"name\":\"Klammerverktyg JK20A680L\",\"isPartOf\":{\"@id\":\"https:\/\/kihlberg.com\/sv\/#website\"},\"primaryImageOfPage\":{\"@id\":\"https:\/\/kihlberg.com\/sv\/verktyg\/industri\/126037\/#primaryimage\"},\"image\":{\"@id\":\"https:\/\/kihlberg.com\/sv\/verktyg\/industri\/126037\/#primaryimage\"},\"thumbnailUrl\":\"https:\/\/kihlberg.com\/wp-content\/uploads\/2018\/08\/126037.png\",\"datePublished\":\"2018-10-24T06:40:30+00:00\",\"dateModified\":\"2022-05-31T19:11:49+00:00\",\"breadcrumb\":{\"@id\":\"https:\/\/kihlberg.com\/sv\/verktyg\/industri\/126037\/#breadcrumb\"},\"inLanguage\":\"sv-SE\",\"potentialAction\":[{\"@type\":\"ReadAction\",\"target\":[\"https:\/\/kihlberg.com\/sv\/verktyg\/industri\/126037\/\"]}]},{\"@type\":\"ImageObject\",\"inLanguage\":\"sv-SE\",\"@id\":\"https:\/\/kihlberg.com\/sv\/verktyg\/industri\/126037\/#primaryimage\",\"url\":\"https:\/\/kihlberg.com\/wp-content\/uploads\/2018\/08\/126037.png\",\"contentUrl\":\"https:\/\/kihlberg.com\/wp-content\/uploads\/2018\/08\/126037.png\",\"width\":720,\"height\":720},{\"@type\":\"BreadcrumbList\",\"@id\":\"https:\/\/kihlberg.com\/sv\/verktyg\/industri\/126037\/#breadcrumb\",\"itemListElement\":[{\"@type\":\"ListItem\",\"position\":1,\"name\":\"Home\",\"item\":\"https:\/\/kihlberg.com\/sv\/\"},{\"@type\":\"ListItem\",\"position\":2,\"name\":\"Shop\",\"item\":\"https:\/\/kihlberg.com\/shop\/\"},{\"@type\":\"ListItem\",\"position\":3,\"name\":\"Verktyg\",\"item\":\"https:\/\/kihlberg.com\/sv\/verktyg\/\"},{\"@type\":\"ListItem\",\"position\":4,\"name\":\"applikation\",\"item\":\"https:\/\/kihlberg.com\/sv\/verktyg\/applikation\/\"},{\"@type\":\"ListItem\",\"position\":5,\"name\":\"F\u00f6nster och d\u00f6rrar\",\"item\":\"https:\/\/kihlberg.com\/sv\/verktyg\/applikation\/fonster-dorrar\/\"},{\"@type\":\"ListItem\",\"position\":6,\"name\":\"Klammerverktyg JK20A680L\"}]},{\"@type\":\"WebSite\",\"@id\":\"https:\/\/kihlberg.com\/sv\/#website\",\"url\":\"https:\/\/kihlberg.com\/sv\/\",\"name\":\"Josef kihlberg\",\"description\":\"Made in Sweden. System manufacturer of premium staples &amp; tools that sets the standard. Legendary.\",\"publisher\":{\"@id\":\"https:\/\/kihlberg.com\/sv\/#organization\"},\"potentialAction\":[{\"@type\":\"SearchAction\",\"target\":{\"@type\":\"EntryPoint\",\"urlTemplate\":\"https:\/\/kihlberg.com\/sv\/?s={search_term_string}\"},\"query-input\":{\"@type\":\"PropertyValueSpecification\",\"valueRequired\":true,\"valueName\":\"search_term_string\"}}],\"inLanguage\":\"sv-SE\"},{\"@type\":\"Organization\",\"@id\":\"https:\/\/kihlberg.com\/sv\/#organization\",\"name\":\"Josef Kihlberg\",\"url\":\"https:\/\/kihlberg.com\/sv\/\",\"logo\":{\"@type\":\"ImageObject\",\"inLanguage\":\"sv-SE\",\"@id\":\"https:\/\/kihlberg.com\/sv\/#\/schema\/logo\/image\/\",\"url\":\"https:\/\/kihlberg.com\/wp-content\/uploads\/2019\/01\/logo.jpg\",\"contentUrl\":\"https:\/\/kihlberg.com\/wp-content\/uploads\/2019\/01\/logo.jpg\",\"width\":850,\"height\":850,\"caption\":\"Josef Kihlberg\"},\"image\":{\"@id\":\"https:\/\/kihlberg.com\/sv\/#\/schema\/logo\/image\/\"}}]}<\/script>\n<meta property=\"product:price:amount\" content=\"572\" \/>\n<meta property=\"product:price:currency\" content=\"EUR\" \/>\n<meta property=\"og:availability\" content=\"instock\" \/>\n<meta property=\"product:availability\" content=\"instock\" \/>\n<meta property=\"product:retailer_item_id\" content=\"126037\" \/>\n<meta property=\"product:condition\" content=\"new\" \/>\n<!-- \/ Yoast SEO plugin. -->","yoast_head_json":{"title":"Klammerverktyg JK20A680L","robots":{"index":"index","follow":"follow","max-snippet":"max-snippet:-1","max-image-preview":"max-image-preview:large","max-video-preview":"max-video-preview:-1"},"canonical":"https:\/\/kihlberg.com\/sv\/verktyg\/industri\/126037\/","og_locale":"sv_SE","og_type":"article","og_title":"Klammerverktyg JK20A680L","og_description":"Klammerverktyg JK20A680L \u00e4r v\u00e5rt svensktillverkade tryckluftsdrivna proffsverktyg. Jk20A680L \u00e4r ett utm\u00e4rkt verktyg f\u00f6r m\u00f6bel-, s\u00e4ng- och snickeriindustrin. Men givetvis ocks\u00e5 f\u00f6r annat material s\u00e5 som skivmaterial mot tr\u00e4. JK20A680L har en h\u00f6g effektivitet som ger dig tidsbesparing och l\u00f6nsamhet \u00f6ver tid. Klammerverktygets automatfunktion \u00e4r mycket snabb, upp till 30 klammer\/sekund (1700 per minut), och kan l\u00e4tt \u00e4ndras fr\u00e5n noll till max med hj\u00e4lp av en st\u00e4llskruv. Om s\u00e5 beh\u00f6vs kan den automatiska driften st\u00e4ngas av genom att trycka p\u00e5 en knapp. P\u00e5 detta s\u00e4tt kan man enkelt v\u00e4xla mellan enkelskotts- och automatavfyrning. P\u00e5 grund av sin unika konstruktion, den l\u00e5ga ljudniv\u00e5n och f\u00f6rsumbara rekyl g\u00f6r JK20A680L l\u00e4ttarbetat och tilltalande f\u00f6r anv\u00e4ndaren.","og_url":"https:\/\/kihlberg.com\/sv\/verktyg\/industri\/126037\/","og_site_name":"Josef kihlberg","article_modified_time":"2022-05-31T19:11:49+00:00","og_image":[{"width":720,"height":720,"url":"https:\/\/kihlberg.com\/wp-content\/uploads\/2018\/08\/126037.png","type":"image\/png"}],"twitter_card":"summary_large_image","twitter_misc":{"Pris":"&euro;572","Tillg\u00e4nglig":"I lager"},"schema":{"@context":"https:\/\/schema.org","@graph":[{"@type":"WebPage","@id":"https:\/\/kihlberg.com\/sv\/verktyg\/industri\/126037\/","url":"https:\/\/kihlberg.com\/sv\/verktyg\/industri\/126037\/","name":"Klammerverktyg JK20A680L","isPartOf":{"@id":"https:\/\/kihlberg.com\/sv\/#website"},"primaryImageOfPage":{"@id":"https:\/\/kihlberg.com\/sv\/verktyg\/industri\/126037\/#primaryimage"},"image":{"@id":"https:\/\/kihlberg.com\/sv\/verktyg\/industri\/126037\/#primaryimage"},"thumbnailUrl":"https:\/\/kihlberg.com\/wp-content\/uploads\/2018\/08\/126037.png","datePublished":"2018-10-24T06:40:30+00:00","dateModified":"2022-05-31T19:11:49+00:00","breadcrumb":{"@id":"https:\/\/kihlberg.com\/sv\/verktyg\/industri\/126037\/#breadcrumb"},"inLanguage":"sv-SE","potentialAction":[{"@type":"ReadAction","target":["https:\/\/kihlberg.com\/sv\/verktyg\/industri\/126037\/"]}]},{"@type":"ImageObject","inLanguage":"sv-SE","@id":"https:\/\/kihlberg.com\/sv\/verktyg\/industri\/126037\/#primaryimage","url":"https:\/\/kihlberg.com\/wp-content\/uploads\/2018\/08\/126037.png","contentUrl":"https:\/\/kihlberg.com\/wp-content\/uploads\/2018\/08\/126037.png","width":720,"height":720},{"@type":"BreadcrumbList","@id":"https:\/\/kihlberg.com\/sv\/verktyg\/industri\/126037\/#breadcrumb","itemListElement":[{"@type":"ListItem","position":1,"name":"Home","item":"https:\/\/kihlberg.com\/sv\/"},{"@type":"ListItem","position":2,"name":"Shop","item":"https:\/\/kihlberg.com\/shop\/"},{"@type":"ListItem","position":3,"name":"Verktyg","item":"https:\/\/kihlberg.com\/sv\/verktyg\/"},{"@type":"ListItem","position":4,"name":"applikation","item":"https:\/\/kihlberg.com\/sv\/verktyg\/applikation\/"},{"@type":"ListItem","position":5,"name":"F\u00f6nster och d\u00f6rrar","item":"https:\/\/kihlberg.com\/sv\/verktyg\/applikation\/fonster-dorrar\/"},{"@type":"ListItem","position":6,"name":"Klammerverktyg JK20A680L"}]},{"@type":"WebSite","@id":"https:\/\/kihlberg.com\/sv\/#website","url":"https:\/\/kihlberg.com\/sv\/","name":"Josef kihlberg","description":"Made in Sweden. System manufacturer of premium staples &amp; tools that sets the standard. Legendary.","publisher":{"@id":"https:\/\/kihlberg.com\/sv\/#organization"},"potentialAction":[{"@type":"SearchAction","target":{"@type":"EntryPoint","urlTemplate":"https:\/\/kihlberg.com\/sv\/?s={search_term_string}"},"query-input":{"@type":"PropertyValueSpecification","valueRequired":true,"valueName":"search_term_string"}}],"inLanguage":"sv-SE"},{"@type":"Organization","@id":"https:\/\/kihlberg.com\/sv\/#organization","name":"Josef Kihlberg","url":"https:\/\/kihlberg.com\/sv\/","logo":{"@type":"ImageObject","inLanguage":"sv-SE","@id":"https:\/\/kihlberg.com\/sv\/#\/schema\/logo\/image\/","url":"https:\/\/kihlberg.com\/wp-content\/uploads\/2019\/01\/logo.jpg","contentUrl":"https:\/\/kihlberg.com\/wp-content\/uploads\/2019\/01\/logo.jpg","width":850,"height":850,"caption":"Josef Kihlberg"},"image":{"@id":"https:\/\/kihlberg.com\/sv\/#\/schema\/logo\/image\/"}}]},"product_price_amount":"572","product_price_currency":"EUR","og_availability":"instock","product_availability":"instock","product_retailer_item_id":"126037","product_condition":"new"},"_links":{"self":[{"href":"https:\/\/kihlberg.com\/sv\/wp-json\/wp\/v2\/product\/30095","targetHints":{"allow":["GET"]}}],"collection":[{"href":"https:\/\/kihlberg.com\/sv\/wp-json\/wp\/v2\/product"}],"about":[{"href":"https:\/\/kihlberg.com\/sv\/wp-json\/wp\/v2\/types\/product"}],"wp:featuredmedia":[{"embeddable":true,"href":"https:\/\/kihlberg.com\/sv\/wp-json\/wp\/v2\/media\/10162"}],"wp:attachment":[{"href":"https:\/\/kihlberg.com\/sv\/wp-json\/wp\/v2\/media?parent=30095"}],"wp:term":[{"taxonomy":"product_brand","embeddable":true,"href":"https:\/\/kihlberg.com\/sv\/wp-json\/wp\/v2\/product_brand?post=30095"},{"taxonomy":"product_cat","embeddable":true,"href":"https:\/\/kihlberg.com\/sv\/wp-json\/wp\/v2\/product_cat?post=30095"}],"curies":[{"name":"wp","href":"https:\/\/api.w.org\/{rel}","templated":true}]}}