{"id":30102,"date":"2018-09-21T10:33:58","date_gmt":"2018-10-24T06:40:30","guid":{"rendered":"https:\/\/kihlberg.com\/product\/126202\/"},"modified":"2022-05-31T21:10:04","modified_gmt":"2022-05-31T19:10:04","slug":"126202","status":"publish","type":"product","link":"https:\/\/kihlberg.com\/sv\/verktyg\/forpackning\/126202\/","title":{"rendered":"Klammert\u00e5ng JK20T777L"},"content":{"rendered":"","protected":false},"excerpt":{"rendered":"<p>Klammerverktyg JK20T777L \u00e4r en svensktillverkad, slitstark h\u00e4ftt\u00e5ng f\u00f6r professionella anv\u00e4ndare.<br \/>\nUtm\u00e4rkande f\u00f6r detta verktyg \u00e4r den tysta, snabba h\u00e4ftningen samt l\u00e5ga vikten och den goda balansen. St\u00e4dets utformning g\u00f6r att materialet hanteras varsamt. Verktyget \u00e4r i f\u00f6rsta hand avsett f\u00f6r klamring av emballage s\u00e5 som f\u00f6rpackningar, stansskurna insatser, p\u00e5sar, ark, s\u00e4ckar och olika typer av v\u00e4v, men passar ocks\u00e5 utm\u00e4rkt f\u00f6r s\u00e5dana applikationer som industriell klamring och sammanfogning av olika material.<\/p>\n","protected":false},"featured_media":10227,"template":"","meta":{"_acf_changed":false,"_genesis_hide_title":false,"_genesis_hide_breadcrumbs":false,"_genesis_hide_singular_image":false,"_genesis_hide_footer_widgets":false,"_genesis_custom_body_class":"","_genesis_custom_post_class":"","_genesis_layout":""},"product_brand":[],"product_cat":[420,392,402,148],"class_list":{"0":"post-30102","1":"product","2":"type-product","3":"status-publish","4":"has-post-thumbnail","6":"product_cat-forpackning","7":"product_cat-planhaftning","8":"product_cat-transportforpackningar","9":"product_cat-verktyg","10":"pa_leg-length-375-sv-2","11":"pa_lubrication-ja","12":"pa_magazine-capacity-100-sv-2","13":"pa_max-pressure-7-sv-4","14":"pa_nose-length-14-sv-3","15":"pa_staple-leg-length-10-16-mm-3-8-5-8-in-sv-2","16":"entry","18":"first","19":"instock","20":"taxable","21":"shipping-taxable","22":"purchasable","23":"product-type-simple"},"acf":[],"yoast_head":"<!-- This site is optimized with the Yoast SEO plugin v26.1.1 - https:\/\/yoast.com\/wordpress\/plugins\/seo\/ -->\n<title>Klammert\u00e5ng JK20T777L<\/title>\n<meta name=\"robots\" content=\"index, follow, max-snippet:-1, max-image-preview:large, max-video-preview:-1\" \/>\n<link rel=\"canonical\" href=\"https:\/\/kihlberg.com\/sv\/verktyg\/forpackning\/126202\/\" \/>\n<meta property=\"og:locale\" content=\"sv_SE\" \/>\n<meta property=\"og:type\" content=\"article\" \/>\n<meta property=\"og:title\" content=\"Klammert\u00e5ng JK20T777L\" \/>\n<meta property=\"og:description\" content=\"Klammerverktyg JK20T777L \u00e4r en svensktillverkad, slitstark h\u00e4ftt\u00e5ng f\u00f6r professionella anv\u00e4ndare. Utm\u00e4rkande f\u00f6r detta verktyg \u00e4r den tysta, snabba h\u00e4ftningen samt l\u00e5ga vikten och den goda balansen. St\u00e4dets utformning g\u00f6r att materialet hanteras varsamt. Verktyget \u00e4r i f\u00f6rsta hand avsett f\u00f6r klamring av emballage s\u00e5 som f\u00f6rpackningar, stansskurna insatser, p\u00e5sar, ark, s\u00e4ckar och olika typer av v\u00e4v, men passar ocks\u00e5 utm\u00e4rkt f\u00f6r s\u00e5dana applikationer som industriell klamring och sammanfogning av olika material.\" \/>\n<meta property=\"og:url\" content=\"https:\/\/kihlberg.com\/sv\/verktyg\/forpackning\/126202\/\" \/>\n<meta property=\"og:site_name\" content=\"Josef kihlberg\" \/>\n<meta property=\"article:modified_time\" content=\"2022-05-31T19:10:04+00:00\" \/>\n<meta property=\"og:image\" content=\"https:\/\/kihlberg.com\/wp-content\/uploads\/2018\/08\/126202.png\" \/>\n\t<meta property=\"og:image:width\" content=\"720\" \/>\n\t<meta property=\"og:image:height\" content=\"720\" \/>\n\t<meta property=\"og:image:type\" content=\"image\/png\" \/>\n<meta name=\"twitter:card\" content=\"summary_large_image\" \/>\n<meta name=\"twitter:label1\" content=\"Pris\" \/>\n\t<meta name=\"twitter:data1\" content=\"&euro;845\" \/>\n\t<meta name=\"twitter:label2\" content=\"Tillg\u00e4nglig\" \/>\n\t<meta name=\"twitter:data2\" content=\"I lager\" \/>\n<script type=\"application\/ld+json\" class=\"yoast-schema-graph\">{\"@context\":\"https:\/\/schema.org\",\"@graph\":[{\"@type\":\"WebPage\",\"@id\":\"https:\/\/kihlberg.com\/sv\/verktyg\/forpackning\/126202\/\",\"url\":\"https:\/\/kihlberg.com\/sv\/verktyg\/forpackning\/126202\/\",\"name\":\"Klammert\u00e5ng JK20T777L\",\"isPartOf\":{\"@id\":\"https:\/\/kihlberg.com\/sv\/#website\"},\"primaryImageOfPage\":{\"@id\":\"https:\/\/kihlberg.com\/sv\/verktyg\/forpackning\/126202\/#primaryimage\"},\"image\":{\"@id\":\"https:\/\/kihlberg.com\/sv\/verktyg\/forpackning\/126202\/#primaryimage\"},\"thumbnailUrl\":\"https:\/\/kihlberg.com\/wp-content\/uploads\/2018\/08\/126202.png\",\"datePublished\":\"2018-10-24T06:40:30+00:00\",\"dateModified\":\"2022-05-31T19:10:04+00:00\",\"breadcrumb\":{\"@id\":\"https:\/\/kihlberg.com\/sv\/verktyg\/forpackning\/126202\/#breadcrumb\"},\"inLanguage\":\"sv-SE\",\"potentialAction\":[{\"@type\":\"ReadAction\",\"target\":[\"https:\/\/kihlberg.com\/sv\/verktyg\/forpackning\/126202\/\"]}]},{\"@type\":\"ImageObject\",\"inLanguage\":\"sv-SE\",\"@id\":\"https:\/\/kihlberg.com\/sv\/verktyg\/forpackning\/126202\/#primaryimage\",\"url\":\"https:\/\/kihlberg.com\/wp-content\/uploads\/2018\/08\/126202.png\",\"contentUrl\":\"https:\/\/kihlberg.com\/wp-content\/uploads\/2018\/08\/126202.png\",\"width\":720,\"height\":720},{\"@type\":\"BreadcrumbList\",\"@id\":\"https:\/\/kihlberg.com\/sv\/verktyg\/forpackning\/126202\/#breadcrumb\",\"itemListElement\":[{\"@type\":\"ListItem\",\"position\":1,\"name\":\"Home\",\"item\":\"https:\/\/kihlberg.com\/sv\/\"},{\"@type\":\"ListItem\",\"position\":2,\"name\":\"Shop\",\"item\":\"https:\/\/kihlberg.com\/shop\/\"},{\"@type\":\"ListItem\",\"position\":3,\"name\":\"Verktyg\",\"item\":\"https:\/\/kihlberg.com\/sv\/verktyg\/\"},{\"@type\":\"ListItem\",\"position\":4,\"name\":\"applikation\",\"item\":\"https:\/\/kihlberg.com\/sv\/verktyg\/applikation\/\"},{\"@type\":\"ListItem\",\"position\":5,\"name\":\"Planh\u00e4ftning\",\"item\":\"https:\/\/kihlberg.com\/sv\/verktyg\/applikation\/planhaftning\/\"},{\"@type\":\"ListItem\",\"position\":6,\"name\":\"Klammert\u00e5ng JK20T777L\"}]},{\"@type\":\"WebSite\",\"@id\":\"https:\/\/kihlberg.com\/sv\/#website\",\"url\":\"https:\/\/kihlberg.com\/sv\/\",\"name\":\"Josef kihlberg\",\"description\":\"Made in Sweden. System manufacturer of premium staples &amp; tools that sets the standard. Legendary.\",\"publisher\":{\"@id\":\"https:\/\/kihlberg.com\/sv\/#organization\"},\"potentialAction\":[{\"@type\":\"SearchAction\",\"target\":{\"@type\":\"EntryPoint\",\"urlTemplate\":\"https:\/\/kihlberg.com\/sv\/?s={search_term_string}\"},\"query-input\":{\"@type\":\"PropertyValueSpecification\",\"valueRequired\":true,\"valueName\":\"search_term_string\"}}],\"inLanguage\":\"sv-SE\"},{\"@type\":\"Organization\",\"@id\":\"https:\/\/kihlberg.com\/sv\/#organization\",\"name\":\"Josef Kihlberg\",\"url\":\"https:\/\/kihlberg.com\/sv\/\",\"logo\":{\"@type\":\"ImageObject\",\"inLanguage\":\"sv-SE\",\"@id\":\"https:\/\/kihlberg.com\/sv\/#\/schema\/logo\/image\/\",\"url\":\"https:\/\/kihlberg.com\/wp-content\/uploads\/2019\/01\/logo.jpg\",\"contentUrl\":\"https:\/\/kihlberg.com\/wp-content\/uploads\/2019\/01\/logo.jpg\",\"width\":850,\"height\":850,\"caption\":\"Josef Kihlberg\"},\"image\":{\"@id\":\"https:\/\/kihlberg.com\/sv\/#\/schema\/logo\/image\/\"}}]}<\/script>\n<meta property=\"product:price:amount\" content=\"845\" \/>\n<meta property=\"product:price:currency\" content=\"EUR\" \/>\n<meta property=\"og:availability\" content=\"instock\" \/>\n<meta property=\"product:availability\" content=\"instock\" \/>\n<meta property=\"product:retailer_item_id\" content=\"126202\" \/>\n<meta property=\"product:condition\" content=\"new\" \/>\n<!-- \/ Yoast SEO plugin. -->","yoast_head_json":{"title":"Klammert\u00e5ng JK20T777L","robots":{"index":"index","follow":"follow","max-snippet":"max-snippet:-1","max-image-preview":"max-image-preview:large","max-video-preview":"max-video-preview:-1"},"canonical":"https:\/\/kihlberg.com\/sv\/verktyg\/forpackning\/126202\/","og_locale":"sv_SE","og_type":"article","og_title":"Klammert\u00e5ng JK20T777L","og_description":"Klammerverktyg JK20T777L \u00e4r en svensktillverkad, slitstark h\u00e4ftt\u00e5ng f\u00f6r professionella anv\u00e4ndare. Utm\u00e4rkande f\u00f6r detta verktyg \u00e4r den tysta, snabba h\u00e4ftningen samt l\u00e5ga vikten och den goda balansen. St\u00e4dets utformning g\u00f6r att materialet hanteras varsamt. Verktyget \u00e4r i f\u00f6rsta hand avsett f\u00f6r klamring av emballage s\u00e5 som f\u00f6rpackningar, stansskurna insatser, p\u00e5sar, ark, s\u00e4ckar och olika typer av v\u00e4v, men passar ocks\u00e5 utm\u00e4rkt f\u00f6r s\u00e5dana applikationer som industriell klamring och sammanfogning av olika material.","og_url":"https:\/\/kihlberg.com\/sv\/verktyg\/forpackning\/126202\/","og_site_name":"Josef kihlberg","article_modified_time":"2022-05-31T19:10:04+00:00","og_image":[{"width":720,"height":720,"url":"https:\/\/kihlberg.com\/wp-content\/uploads\/2018\/08\/126202.png","type":"image\/png"}],"twitter_card":"summary_large_image","twitter_misc":{"Pris":"&euro;845","Tillg\u00e4nglig":"I lager"},"schema":{"@context":"https:\/\/schema.org","@graph":[{"@type":"WebPage","@id":"https:\/\/kihlberg.com\/sv\/verktyg\/forpackning\/126202\/","url":"https:\/\/kihlberg.com\/sv\/verktyg\/forpackning\/126202\/","name":"Klammert\u00e5ng JK20T777L","isPartOf":{"@id":"https:\/\/kihlberg.com\/sv\/#website"},"primaryImageOfPage":{"@id":"https:\/\/kihlberg.com\/sv\/verktyg\/forpackning\/126202\/#primaryimage"},"image":{"@id":"https:\/\/kihlberg.com\/sv\/verktyg\/forpackning\/126202\/#primaryimage"},"thumbnailUrl":"https:\/\/kihlberg.com\/wp-content\/uploads\/2018\/08\/126202.png","datePublished":"2018-10-24T06:40:30+00:00","dateModified":"2022-05-31T19:10:04+00:00","breadcrumb":{"@id":"https:\/\/kihlberg.com\/sv\/verktyg\/forpackning\/126202\/#breadcrumb"},"inLanguage":"sv-SE","potentialAction":[{"@type":"ReadAction","target":["https:\/\/kihlberg.com\/sv\/verktyg\/forpackning\/126202\/"]}]},{"@type":"ImageObject","inLanguage":"sv-SE","@id":"https:\/\/kihlberg.com\/sv\/verktyg\/forpackning\/126202\/#primaryimage","url":"https:\/\/kihlberg.com\/wp-content\/uploads\/2018\/08\/126202.png","contentUrl":"https:\/\/kihlberg.com\/wp-content\/uploads\/2018\/08\/126202.png","width":720,"height":720},{"@type":"BreadcrumbList","@id":"https:\/\/kihlberg.com\/sv\/verktyg\/forpackning\/126202\/#breadcrumb","itemListElement":[{"@type":"ListItem","position":1,"name":"Home","item":"https:\/\/kihlberg.com\/sv\/"},{"@type":"ListItem","position":2,"name":"Shop","item":"https:\/\/kihlberg.com\/shop\/"},{"@type":"ListItem","position":3,"name":"Verktyg","item":"https:\/\/kihlberg.com\/sv\/verktyg\/"},{"@type":"ListItem","position":4,"name":"applikation","item":"https:\/\/kihlberg.com\/sv\/verktyg\/applikation\/"},{"@type":"ListItem","position":5,"name":"Planh\u00e4ftning","item":"https:\/\/kihlberg.com\/sv\/verktyg\/applikation\/planhaftning\/"},{"@type":"ListItem","position":6,"name":"Klammert\u00e5ng JK20T777L"}]},{"@type":"WebSite","@id":"https:\/\/kihlberg.com\/sv\/#website","url":"https:\/\/kihlberg.com\/sv\/","name":"Josef kihlberg","description":"Made in Sweden. System manufacturer of premium staples &amp; tools that sets the standard. Legendary.","publisher":{"@id":"https:\/\/kihlberg.com\/sv\/#organization"},"potentialAction":[{"@type":"SearchAction","target":{"@type":"EntryPoint","urlTemplate":"https:\/\/kihlberg.com\/sv\/?s={search_term_string}"},"query-input":{"@type":"PropertyValueSpecification","valueRequired":true,"valueName":"search_term_string"}}],"inLanguage":"sv-SE"},{"@type":"Organization","@id":"https:\/\/kihlberg.com\/sv\/#organization","name":"Josef Kihlberg","url":"https:\/\/kihlberg.com\/sv\/","logo":{"@type":"ImageObject","inLanguage":"sv-SE","@id":"https:\/\/kihlberg.com\/sv\/#\/schema\/logo\/image\/","url":"https:\/\/kihlberg.com\/wp-content\/uploads\/2019\/01\/logo.jpg","contentUrl":"https:\/\/kihlberg.com\/wp-content\/uploads\/2019\/01\/logo.jpg","width":850,"height":850,"caption":"Josef Kihlberg"},"image":{"@id":"https:\/\/kihlberg.com\/sv\/#\/schema\/logo\/image\/"}}]},"product_price_amount":"845","product_price_currency":"EUR","og_availability":"instock","product_availability":"instock","product_retailer_item_id":"126202","product_condition":"new"},"_links":{"self":[{"href":"https:\/\/kihlberg.com\/sv\/wp-json\/wp\/v2\/product\/30102","targetHints":{"allow":["GET"]}}],"collection":[{"href":"https:\/\/kihlberg.com\/sv\/wp-json\/wp\/v2\/product"}],"about":[{"href":"https:\/\/kihlberg.com\/sv\/wp-json\/wp\/v2\/types\/product"}],"wp:featuredmedia":[{"embeddable":true,"href":"https:\/\/kihlberg.com\/sv\/wp-json\/wp\/v2\/media\/10227"}],"wp:attachment":[{"href":"https:\/\/kihlberg.com\/sv\/wp-json\/wp\/v2\/media?parent=30102"}],"wp:term":[{"taxonomy":"product_brand","embeddable":true,"href":"https:\/\/kihlberg.com\/sv\/wp-json\/wp\/v2\/product_brand?post=30102"},{"taxonomy":"product_cat","embeddable":true,"href":"https:\/\/kihlberg.com\/sv\/wp-json\/wp\/v2\/product_cat?post=30102"}],"curies":[{"name":"wp","href":"https:\/\/api.w.org\/{rel}","templated":true}]}}