{"id":30105,"date":"2018-09-21T10:34:14","date_gmt":"2018-10-24T06:40:30","guid":{"rendered":"https:\/\/kihlberg.com\/product\/36342\/"},"modified":"2022-05-31T21:13:30","modified_gmt":"2022-05-31T19:13:30","slug":"36342","status":"publish","type":"product","link":"https:\/\/kihlberg.com\/sv\/verktyg\/industri\/36342\/","title":{"rendered":"Vulstt\u00e5ng JK20V779L22"},"content":{"rendered":"","protected":false},"excerpt":{"rendered":"<p>JK20V779L22, ett svensktillverkat proffsverktyg med l\u00e5g vikt, v\u00e4lbalanserad och l\u00e5gt vibrationsv\u00e4rde. Den har ett pneumatiskt drivsystem som inneb\u00e4r att du h\u00e4ftar snabbt och effektivt. St\u00e4det \u00e4r utformat f\u00f6r bocka benen omlott. Verktyget \u00e4r avsett f\u00f6r industriell h\u00e4ftning tex inom s\u00e4ngtillverkning s\u00e5 som polyeter.<\/p>\n","protected":false},"featured_media":24138,"template":"","meta":{"_acf_changed":false,"_genesis_hide_title":false,"_genesis_hide_breadcrumbs":false,"_genesis_hide_singular_image":false,"_genesis_hide_footer_widgets":false,"_genesis_custom_body_class":"","_genesis_custom_post_class":"","_genesis_layout":""},"product_brand":[],"product_cat":[1155,380,148],"class_list":{"0":"post-30105","1":"product","2":"type-product","3":"status-publish","4":"has-post-thumbnail","6":"product_cat-industri","7":"product_cat-sangtillverkning","8":"product_cat-verktyg","9":"pa_leg-length-370-sv-2","10":"pa_magazine-capacity-168-sv-2","11":"pa_staple-leg-length-20-22-mm-3-4-7-8-in-sv","12":"pa_throat-depth-35-sv-2","13":"entry","15":"first","16":"instock","17":"taxable","18":"shipping-taxable","19":"purchasable","20":"product-type-simple"},"acf":[],"yoast_head":"<!-- This site is optimized with the Yoast SEO plugin v26.1.1 - https:\/\/yoast.com\/wordpress\/plugins\/seo\/ -->\n<title>Vulstt\u00e5ng JK20V779L22<\/title>\n<meta name=\"robots\" content=\"index, follow, max-snippet:-1, max-image-preview:large, max-video-preview:-1\" \/>\n<link rel=\"canonical\" href=\"https:\/\/kihlberg.com\/sv\/verktyg\/industri\/36342\/\" \/>\n<meta property=\"og:locale\" content=\"sv_SE\" \/>\n<meta property=\"og:type\" content=\"article\" \/>\n<meta property=\"og:title\" content=\"Vulstt\u00e5ng JK20V779L22\" \/>\n<meta property=\"og:description\" content=\"JK20V779L22, ett svensktillverkat proffsverktyg med l\u00e5g vikt, v\u00e4lbalanserad och l\u00e5gt vibrationsv\u00e4rde. Den har ett pneumatiskt drivsystem som inneb\u00e4r att du h\u00e4ftar snabbt och effektivt. St\u00e4det \u00e4r utformat f\u00f6r bocka benen omlott. Verktyget \u00e4r avsett f\u00f6r industriell h\u00e4ftning tex inom s\u00e4ngtillverkning s\u00e5 som polyeter.\" \/>\n<meta property=\"og:url\" content=\"https:\/\/kihlberg.com\/sv\/verktyg\/industri\/36342\/\" \/>\n<meta property=\"og:site_name\" content=\"Josef kihlberg\" \/>\n<meta property=\"article:modified_time\" content=\"2022-05-31T19:13:30+00:00\" \/>\n<meta property=\"og:image\" content=\"https:\/\/kihlberg.com\/wp-content\/uploads\/2018\/09\/036342_JK20V779L22_produktbild-min.png\" \/>\n\t<meta property=\"og:image:width\" content=\"720\" \/>\n\t<meta property=\"og:image:height\" content=\"720\" \/>\n\t<meta property=\"og:image:type\" content=\"image\/png\" \/>\n<meta name=\"twitter:card\" content=\"summary_large_image\" \/>\n<meta name=\"twitter:label1\" content=\"Pris\" \/>\n\t<meta name=\"twitter:data1\" content=\"&euro;809\" \/>\n\t<meta name=\"twitter:label2\" content=\"Tillg\u00e4nglig\" \/>\n\t<meta name=\"twitter:data2\" content=\"I lager\" \/>\n<script type=\"application\/ld+json\" class=\"yoast-schema-graph\">{\"@context\":\"https:\/\/schema.org\",\"@graph\":[{\"@type\":\"WebPage\",\"@id\":\"https:\/\/kihlberg.com\/sv\/verktyg\/industri\/36342\/\",\"url\":\"https:\/\/kihlberg.com\/sv\/verktyg\/industri\/36342\/\",\"name\":\"Vulstt\u00e5ng JK20V779L22\",\"isPartOf\":{\"@id\":\"https:\/\/kihlberg.com\/sv\/#website\"},\"primaryImageOfPage\":{\"@id\":\"https:\/\/kihlberg.com\/sv\/verktyg\/industri\/36342\/#primaryimage\"},\"image\":{\"@id\":\"https:\/\/kihlberg.com\/sv\/verktyg\/industri\/36342\/#primaryimage\"},\"thumbnailUrl\":\"https:\/\/kihlberg.com\/wp-content\/uploads\/2018\/09\/036342_JK20V779L22_produktbild-min.png\",\"datePublished\":\"2018-10-24T06:40:30+00:00\",\"dateModified\":\"2022-05-31T19:13:30+00:00\",\"breadcrumb\":{\"@id\":\"https:\/\/kihlberg.com\/sv\/verktyg\/industri\/36342\/#breadcrumb\"},\"inLanguage\":\"sv-SE\",\"potentialAction\":[{\"@type\":\"ReadAction\",\"target\":[\"https:\/\/kihlberg.com\/sv\/verktyg\/industri\/36342\/\"]}]},{\"@type\":\"ImageObject\",\"inLanguage\":\"sv-SE\",\"@id\":\"https:\/\/kihlberg.com\/sv\/verktyg\/industri\/36342\/#primaryimage\",\"url\":\"https:\/\/kihlberg.com\/wp-content\/uploads\/2018\/09\/036342_JK20V779L22_produktbild-min.png\",\"contentUrl\":\"https:\/\/kihlberg.com\/wp-content\/uploads\/2018\/09\/036342_JK20V779L22_produktbild-min.png\",\"width\":720,\"height\":720},{\"@type\":\"BreadcrumbList\",\"@id\":\"https:\/\/kihlberg.com\/sv\/verktyg\/industri\/36342\/#breadcrumb\",\"itemListElement\":[{\"@type\":\"ListItem\",\"position\":1,\"name\":\"Home\",\"item\":\"https:\/\/kihlberg.com\/sv\/\"},{\"@type\":\"ListItem\",\"position\":2,\"name\":\"Shop\",\"item\":\"https:\/\/kihlberg.com\/shop\/\"},{\"@type\":\"ListItem\",\"position\":3,\"name\":\"Verktyg\",\"item\":\"https:\/\/kihlberg.com\/sv\/verktyg\/\"},{\"@type\":\"ListItem\",\"position\":4,\"name\":\"applikation\",\"item\":\"https:\/\/kihlberg.com\/sv\/verktyg\/applikation\/\"},{\"@type\":\"ListItem\",\"position\":5,\"name\":\"S\u00e4ngtillverkning\",\"item\":\"https:\/\/kihlberg.com\/sv\/verktyg\/applikation\/sangtillverkning\/\"},{\"@type\":\"ListItem\",\"position\":6,\"name\":\"Vulstt\u00e5ng JK20V779L22\"}]},{\"@type\":\"WebSite\",\"@id\":\"https:\/\/kihlberg.com\/sv\/#website\",\"url\":\"https:\/\/kihlberg.com\/sv\/\",\"name\":\"Josef kihlberg\",\"description\":\"Made in Sweden. System manufacturer of premium staples &amp; tools that sets the standard. Legendary.\",\"publisher\":{\"@id\":\"https:\/\/kihlberg.com\/sv\/#organization\"},\"potentialAction\":[{\"@type\":\"SearchAction\",\"target\":{\"@type\":\"EntryPoint\",\"urlTemplate\":\"https:\/\/kihlberg.com\/sv\/?s={search_term_string}\"},\"query-input\":{\"@type\":\"PropertyValueSpecification\",\"valueRequired\":true,\"valueName\":\"search_term_string\"}}],\"inLanguage\":\"sv-SE\"},{\"@type\":\"Organization\",\"@id\":\"https:\/\/kihlberg.com\/sv\/#organization\",\"name\":\"Josef Kihlberg\",\"url\":\"https:\/\/kihlberg.com\/sv\/\",\"logo\":{\"@type\":\"ImageObject\",\"inLanguage\":\"sv-SE\",\"@id\":\"https:\/\/kihlberg.com\/sv\/#\/schema\/logo\/image\/\",\"url\":\"https:\/\/kihlberg.com\/wp-content\/uploads\/2019\/01\/logo.jpg\",\"contentUrl\":\"https:\/\/kihlberg.com\/wp-content\/uploads\/2019\/01\/logo.jpg\",\"width\":850,\"height\":850,\"caption\":\"Josef Kihlberg\"},\"image\":{\"@id\":\"https:\/\/kihlberg.com\/sv\/#\/schema\/logo\/image\/\"}}]}<\/script>\n<meta property=\"product:price:amount\" content=\"809\" \/>\n<meta property=\"product:price:currency\" content=\"EUR\" \/>\n<meta property=\"og:availability\" content=\"instock\" \/>\n<meta property=\"product:availability\" content=\"instock\" \/>\n<meta property=\"product:retailer_item_id\" content=\"36342\" \/>\n<meta property=\"product:condition\" content=\"new\" \/>\n<!-- \/ Yoast SEO plugin. -->","yoast_head_json":{"title":"Vulstt\u00e5ng JK20V779L22","robots":{"index":"index","follow":"follow","max-snippet":"max-snippet:-1","max-image-preview":"max-image-preview:large","max-video-preview":"max-video-preview:-1"},"canonical":"https:\/\/kihlberg.com\/sv\/verktyg\/industri\/36342\/","og_locale":"sv_SE","og_type":"article","og_title":"Vulstt\u00e5ng JK20V779L22","og_description":"JK20V779L22, ett svensktillverkat proffsverktyg med l\u00e5g vikt, v\u00e4lbalanserad och l\u00e5gt vibrationsv\u00e4rde. Den har ett pneumatiskt drivsystem som inneb\u00e4r att du h\u00e4ftar snabbt och effektivt. St\u00e4det \u00e4r utformat f\u00f6r bocka benen omlott. Verktyget \u00e4r avsett f\u00f6r industriell h\u00e4ftning tex inom s\u00e4ngtillverkning s\u00e5 som polyeter.","og_url":"https:\/\/kihlberg.com\/sv\/verktyg\/industri\/36342\/","og_site_name":"Josef kihlberg","article_modified_time":"2022-05-31T19:13:30+00:00","og_image":[{"width":720,"height":720,"url":"https:\/\/kihlberg.com\/wp-content\/uploads\/2018\/09\/036342_JK20V779L22_produktbild-min.png","type":"image\/png"}],"twitter_card":"summary_large_image","twitter_misc":{"Pris":"&euro;809","Tillg\u00e4nglig":"I lager"},"schema":{"@context":"https:\/\/schema.org","@graph":[{"@type":"WebPage","@id":"https:\/\/kihlberg.com\/sv\/verktyg\/industri\/36342\/","url":"https:\/\/kihlberg.com\/sv\/verktyg\/industri\/36342\/","name":"Vulstt\u00e5ng JK20V779L22","isPartOf":{"@id":"https:\/\/kihlberg.com\/sv\/#website"},"primaryImageOfPage":{"@id":"https:\/\/kihlberg.com\/sv\/verktyg\/industri\/36342\/#primaryimage"},"image":{"@id":"https:\/\/kihlberg.com\/sv\/verktyg\/industri\/36342\/#primaryimage"},"thumbnailUrl":"https:\/\/kihlberg.com\/wp-content\/uploads\/2018\/09\/036342_JK20V779L22_produktbild-min.png","datePublished":"2018-10-24T06:40:30+00:00","dateModified":"2022-05-31T19:13:30+00:00","breadcrumb":{"@id":"https:\/\/kihlberg.com\/sv\/verktyg\/industri\/36342\/#breadcrumb"},"inLanguage":"sv-SE","potentialAction":[{"@type":"ReadAction","target":["https:\/\/kihlberg.com\/sv\/verktyg\/industri\/36342\/"]}]},{"@type":"ImageObject","inLanguage":"sv-SE","@id":"https:\/\/kihlberg.com\/sv\/verktyg\/industri\/36342\/#primaryimage","url":"https:\/\/kihlberg.com\/wp-content\/uploads\/2018\/09\/036342_JK20V779L22_produktbild-min.png","contentUrl":"https:\/\/kihlberg.com\/wp-content\/uploads\/2018\/09\/036342_JK20V779L22_produktbild-min.png","width":720,"height":720},{"@type":"BreadcrumbList","@id":"https:\/\/kihlberg.com\/sv\/verktyg\/industri\/36342\/#breadcrumb","itemListElement":[{"@type":"ListItem","position":1,"name":"Home","item":"https:\/\/kihlberg.com\/sv\/"},{"@type":"ListItem","position":2,"name":"Shop","item":"https:\/\/kihlberg.com\/shop\/"},{"@type":"ListItem","position":3,"name":"Verktyg","item":"https:\/\/kihlberg.com\/sv\/verktyg\/"},{"@type":"ListItem","position":4,"name":"applikation","item":"https:\/\/kihlberg.com\/sv\/verktyg\/applikation\/"},{"@type":"ListItem","position":5,"name":"S\u00e4ngtillverkning","item":"https:\/\/kihlberg.com\/sv\/verktyg\/applikation\/sangtillverkning\/"},{"@type":"ListItem","position":6,"name":"Vulstt\u00e5ng JK20V779L22"}]},{"@type":"WebSite","@id":"https:\/\/kihlberg.com\/sv\/#website","url":"https:\/\/kihlberg.com\/sv\/","name":"Josef kihlberg","description":"Made in Sweden. System manufacturer of premium staples &amp; tools that sets the standard. Legendary.","publisher":{"@id":"https:\/\/kihlberg.com\/sv\/#organization"},"potentialAction":[{"@type":"SearchAction","target":{"@type":"EntryPoint","urlTemplate":"https:\/\/kihlberg.com\/sv\/?s={search_term_string}"},"query-input":{"@type":"PropertyValueSpecification","valueRequired":true,"valueName":"search_term_string"}}],"inLanguage":"sv-SE"},{"@type":"Organization","@id":"https:\/\/kihlberg.com\/sv\/#organization","name":"Josef Kihlberg","url":"https:\/\/kihlberg.com\/sv\/","logo":{"@type":"ImageObject","inLanguage":"sv-SE","@id":"https:\/\/kihlberg.com\/sv\/#\/schema\/logo\/image\/","url":"https:\/\/kihlberg.com\/wp-content\/uploads\/2019\/01\/logo.jpg","contentUrl":"https:\/\/kihlberg.com\/wp-content\/uploads\/2019\/01\/logo.jpg","width":850,"height":850,"caption":"Josef Kihlberg"},"image":{"@id":"https:\/\/kihlberg.com\/sv\/#\/schema\/logo\/image\/"}}]},"product_price_amount":"809","product_price_currency":"EUR","og_availability":"instock","product_availability":"instock","product_retailer_item_id":"36342","product_condition":"new"},"_links":{"self":[{"href":"https:\/\/kihlberg.com\/sv\/wp-json\/wp\/v2\/product\/30105","targetHints":{"allow":["GET"]}}],"collection":[{"href":"https:\/\/kihlberg.com\/sv\/wp-json\/wp\/v2\/product"}],"about":[{"href":"https:\/\/kihlberg.com\/sv\/wp-json\/wp\/v2\/types\/product"}],"wp:featuredmedia":[{"embeddable":true,"href":"https:\/\/kihlberg.com\/sv\/wp-json\/wp\/v2\/media\/24138"}],"wp:attachment":[{"href":"https:\/\/kihlberg.com\/sv\/wp-json\/wp\/v2\/media?parent=30105"}],"wp:term":[{"taxonomy":"product_brand","embeddable":true,"href":"https:\/\/kihlberg.com\/sv\/wp-json\/wp\/v2\/product_brand?post=30105"},{"taxonomy":"product_cat","embeddable":true,"href":"https:\/\/kihlberg.com\/sv\/wp-json\/wp\/v2\/product_cat?post=30105"}],"curies":[{"name":"wp","href":"https:\/\/api.w.org\/{rel}","templated":true}]}}