{"id":30108,"date":"2018-09-21T10:34:25","date_gmt":"2018-10-24T06:40:30","guid":{"rendered":"https:\/\/kihlberg.com\/product\/129000\/"},"modified":"2022-05-31T21:16:27","modified_gmt":"2022-05-31T19:16:27","slug":"129000","status":"publish","type":"product","link":"https:\/\/kihlberg.com\/sv\/verktyg\/stalbandning\/129000\/","title":{"rendered":"Bandningsverktyg st\u00e5l JK1219"},"content":{"rendered":"","protected":false},"excerpt":{"rendered":"<p>Bandningsverktyg JK1219 \u00e4r en svensktillverkad kvalitetsprodukt som f\u00f6rsluter st\u00e5lband snabbt och s\u00e4kert. JK1219 \u00e4r mycket enkelt att anv\u00e4nda. Det \u00e4r utformat s\u00e5 att man med fyra enkla handgrepp g\u00f6r en plombfri f\u00f6rslutning p\u00e5 ett f\u00e5tal sekunder. Den f\u00e4rdiga f\u00f6rslutningen \u00e4r utformad f\u00f6r att minimera skaderisk. Ett och samma verktyg kan anv\u00e4ndas f\u00f6r tre olika bandbredder &#8211; 13, 16 och 19 mm. Med hj\u00e4lp av de extra bandstyrningar som f\u00f6ljer med verktyget kan man l\u00e4tt st\u00e4lla om fr\u00e5n en bandbredd till en annan. F\u00f6r en \u00e5terf\u00f6rs\u00e4ljare betyder detta att man bara beh\u00f6ver lagerh\u00e5lla ett verktyg ist\u00e4llet f\u00f6r tre. Stans och klippdjupet kan justeras f\u00f6r olika bandtjocklekar inom intervallet 0,40 mm &#8211; 0,64 mm. Verktyget \u00e4r robust konstruerat med f\u00e5 r\u00f6rliga delar av h\u00f6g kvalitet. Detta g\u00f6r verktyget mycket slitstarkt. Verktyget levereras med 3 \u00e5rs garanti.<br \/>\nJK1219 l\u00e4mpar sig utm\u00e4rkt f\u00f6r s\u00e5v\u00e4l horisontell som vertikal bandning av pallar, l\u00e5dor kartonger, balar och annan transports\u00e4kring.<\/p>\n","protected":false},"featured_media":10297,"template":"","meta":{"_acf_changed":false,"_genesis_hide_title":false,"_genesis_hide_breadcrumbs":false,"_genesis_hide_singular_image":false,"_genesis_hide_footer_widgets":false,"_genesis_custom_body_class":"","_genesis_custom_post_class":"","_genesis_layout":""},"product_brand":[],"product_cat":[420,426,148],"class_list":{"0":"post-30108","1":"product","2":"type-product","3":"status-publish","4":"has-post-thumbnail","6":"product_cat-forpackning","7":"product_cat-stalbandning","8":"product_cat-verktyg","9":"pa_leg-length-375-sv-2","10":"pa_lubrication-nej","11":"pa_maximum-strap-thickness-064-sv-3","12":"pa_strap-width-13-16-19-sv-3","13":"entry","15":"first","16":"instock","17":"taxable","18":"shipping-taxable","19":"purchasable","20":"product-type-simple"},"acf":[],"yoast_head":"<!-- This site is optimized with the Yoast SEO plugin v26.1.1 - https:\/\/yoast.com\/wordpress\/plugins\/seo\/ -->\n<title>Bandningsverktyg f\u00f6r st\u00e5lband | St\u00e5lbandare JK1219<\/title>\n<meta name=\"description\" content=\"Bandningsverktyg JK1219 \u00e4r en svensktillverkad kvalitetsprodukt som f\u00f6rsluter st\u00e5lband snabbt och s\u00e4kert. Enkel att anv\u00e4nda. Uppt\u00e4ck mer!\" \/>\n<meta name=\"robots\" content=\"index, follow, max-snippet:-1, max-image-preview:large, max-video-preview:-1\" \/>\n<link rel=\"canonical\" href=\"https:\/\/kihlberg.com\/sv\/verktyg\/stalbandning\/129000\/\" \/>\n<meta property=\"og:locale\" content=\"sv_SE\" \/>\n<meta property=\"og:type\" content=\"article\" \/>\n<meta property=\"og:title\" content=\"Bandningsverktyg f\u00f6r st\u00e5lband | St\u00e5lbandare JK1219\" \/>\n<meta property=\"og:description\" content=\"Bandningsverktyg JK1219 \u00e4r en svensktillverkad kvalitetsprodukt som f\u00f6rsluter st\u00e5lband snabbt och s\u00e4kert. Enkel att anv\u00e4nda. Uppt\u00e4ck mer!\" \/>\n<meta property=\"og:url\" content=\"https:\/\/kihlberg.com\/sv\/verktyg\/stalbandning\/129000\/\" \/>\n<meta property=\"og:site_name\" content=\"Josef kihlberg\" \/>\n<meta property=\"article:modified_time\" content=\"2022-05-31T19:16:27+00:00\" \/>\n<meta property=\"og:image\" content=\"https:\/\/kihlberg.com\/wp-content\/uploads\/2018\/08\/129000.jpg\" \/>\n\t<meta property=\"og:image:width\" content=\"720\" \/>\n\t<meta property=\"og:image:height\" content=\"720\" \/>\n\t<meta property=\"og:image:type\" content=\"image\/jpeg\" \/>\n<meta name=\"twitter:card\" content=\"summary_large_image\" \/>\n<meta name=\"twitter:label1\" content=\"Pris\" \/>\n\t<meta name=\"twitter:data1\" content=\"&euro;994\" \/>\n\t<meta name=\"twitter:label2\" content=\"Tillg\u00e4nglig\" \/>\n\t<meta name=\"twitter:data2\" content=\"I lager\" \/>\n<script type=\"application\/ld+json\" class=\"yoast-schema-graph\">{\"@context\":\"https:\/\/schema.org\",\"@graph\":[{\"@type\":\"WebPage\",\"@id\":\"https:\/\/kihlberg.com\/sv\/verktyg\/stalbandning\/129000\/\",\"url\":\"https:\/\/kihlberg.com\/sv\/verktyg\/stalbandning\/129000\/\",\"name\":\"Bandningsverktyg f\u00f6r st\u00e5lband | St\u00e5lbandare JK1219\",\"isPartOf\":{\"@id\":\"https:\/\/kihlberg.com\/sv\/#website\"},\"primaryImageOfPage\":{\"@id\":\"https:\/\/kihlberg.com\/sv\/verktyg\/stalbandning\/129000\/#primaryimage\"},\"image\":{\"@id\":\"https:\/\/kihlberg.com\/sv\/verktyg\/stalbandning\/129000\/#primaryimage\"},\"thumbnailUrl\":\"https:\/\/kihlberg.com\/wp-content\/uploads\/2018\/08\/129000.jpg\",\"datePublished\":\"2018-10-24T06:40:30+00:00\",\"dateModified\":\"2022-05-31T19:16:27+00:00\",\"description\":\"Bandningsverktyg JK1219 \u00e4r en svensktillverkad kvalitetsprodukt som f\u00f6rsluter st\u00e5lband snabbt och s\u00e4kert. Enkel att anv\u00e4nda. Uppt\u00e4ck mer!\",\"breadcrumb\":{\"@id\":\"https:\/\/kihlberg.com\/sv\/verktyg\/stalbandning\/129000\/#breadcrumb\"},\"inLanguage\":\"sv-SE\",\"potentialAction\":[{\"@type\":\"ReadAction\",\"target\":[\"https:\/\/kihlberg.com\/sv\/verktyg\/stalbandning\/129000\/\"]}]},{\"@type\":\"ImageObject\",\"inLanguage\":\"sv-SE\",\"@id\":\"https:\/\/kihlberg.com\/sv\/verktyg\/stalbandning\/129000\/#primaryimage\",\"url\":\"https:\/\/kihlberg.com\/wp-content\/uploads\/2018\/08\/129000.jpg\",\"contentUrl\":\"https:\/\/kihlberg.com\/wp-content\/uploads\/2018\/08\/129000.jpg\",\"width\":720,\"height\":720,\"caption\":\"Strapping tool JK1219HT - \u20ac 1125\"},{\"@type\":\"BreadcrumbList\",\"@id\":\"https:\/\/kihlberg.com\/sv\/verktyg\/stalbandning\/129000\/#breadcrumb\",\"itemListElement\":[{\"@type\":\"ListItem\",\"position\":1,\"name\":\"Home\",\"item\":\"https:\/\/kihlberg.com\/sv\/\"},{\"@type\":\"ListItem\",\"position\":2,\"name\":\"Shop\",\"item\":\"https:\/\/kihlberg.com\/shop\/\"},{\"@type\":\"ListItem\",\"position\":3,\"name\":\"Verktyg\",\"item\":\"https:\/\/kihlberg.com\/sv\/verktyg\/\"},{\"@type\":\"ListItem\",\"position\":4,\"name\":\"F\u00f6rpackning\",\"item\":\"https:\/\/kihlberg.com\/sv\/verktyg\/forpackning\/\"},{\"@type\":\"ListItem\",\"position\":5,\"name\":\"Bandningsverktyg st\u00e5l JK1219\"}]},{\"@type\":\"WebSite\",\"@id\":\"https:\/\/kihlberg.com\/sv\/#website\",\"url\":\"https:\/\/kihlberg.com\/sv\/\",\"name\":\"Josef kihlberg\",\"description\":\"Made in Sweden. System manufacturer of premium staples &amp; tools that sets the standard. Legendary.\",\"publisher\":{\"@id\":\"https:\/\/kihlberg.com\/sv\/#organization\"},\"potentialAction\":[{\"@type\":\"SearchAction\",\"target\":{\"@type\":\"EntryPoint\",\"urlTemplate\":\"https:\/\/kihlberg.com\/sv\/?s={search_term_string}\"},\"query-input\":{\"@type\":\"PropertyValueSpecification\",\"valueRequired\":true,\"valueName\":\"search_term_string\"}}],\"inLanguage\":\"sv-SE\"},{\"@type\":\"Organization\",\"@id\":\"https:\/\/kihlberg.com\/sv\/#organization\",\"name\":\"Josef Kihlberg\",\"url\":\"https:\/\/kihlberg.com\/sv\/\",\"logo\":{\"@type\":\"ImageObject\",\"inLanguage\":\"sv-SE\",\"@id\":\"https:\/\/kihlberg.com\/sv\/#\/schema\/logo\/image\/\",\"url\":\"https:\/\/kihlberg.com\/wp-content\/uploads\/2019\/01\/logo.jpg\",\"contentUrl\":\"https:\/\/kihlberg.com\/wp-content\/uploads\/2019\/01\/logo.jpg\",\"width\":850,\"height\":850,\"caption\":\"Josef Kihlberg\"},\"image\":{\"@id\":\"https:\/\/kihlberg.com\/sv\/#\/schema\/logo\/image\/\"}}]}<\/script>\n<meta property=\"product:price:amount\" content=\"994\" \/>\n<meta property=\"product:price:currency\" content=\"EUR\" \/>\n<meta property=\"og:availability\" content=\"instock\" \/>\n<meta property=\"product:availability\" content=\"instock\" \/>\n<meta property=\"product:retailer_item_id\" content=\"129000\" \/>\n<meta property=\"product:condition\" content=\"new\" \/>\n<!-- \/ Yoast SEO plugin. -->","yoast_head_json":{"title":"Bandningsverktyg f\u00f6r st\u00e5lband | St\u00e5lbandare JK1219","description":"Bandningsverktyg JK1219 \u00e4r en svensktillverkad kvalitetsprodukt som f\u00f6rsluter st\u00e5lband snabbt och s\u00e4kert. Enkel att anv\u00e4nda. Uppt\u00e4ck mer!","robots":{"index":"index","follow":"follow","max-snippet":"max-snippet:-1","max-image-preview":"max-image-preview:large","max-video-preview":"max-video-preview:-1"},"canonical":"https:\/\/kihlberg.com\/sv\/verktyg\/stalbandning\/129000\/","og_locale":"sv_SE","og_type":"article","og_title":"Bandningsverktyg f\u00f6r st\u00e5lband | St\u00e5lbandare JK1219","og_description":"Bandningsverktyg JK1219 \u00e4r en svensktillverkad kvalitetsprodukt som f\u00f6rsluter st\u00e5lband snabbt och s\u00e4kert. Enkel att anv\u00e4nda. Uppt\u00e4ck mer!","og_url":"https:\/\/kihlberg.com\/sv\/verktyg\/stalbandning\/129000\/","og_site_name":"Josef kihlberg","article_modified_time":"2022-05-31T19:16:27+00:00","og_image":[{"width":720,"height":720,"url":"https:\/\/kihlberg.com\/wp-content\/uploads\/2018\/08\/129000.jpg","type":"image\/jpeg"}],"twitter_card":"summary_large_image","twitter_misc":{"Pris":"&euro;994","Tillg\u00e4nglig":"I lager"},"schema":{"@context":"https:\/\/schema.org","@graph":[{"@type":"WebPage","@id":"https:\/\/kihlberg.com\/sv\/verktyg\/stalbandning\/129000\/","url":"https:\/\/kihlberg.com\/sv\/verktyg\/stalbandning\/129000\/","name":"Bandningsverktyg f\u00f6r st\u00e5lband | St\u00e5lbandare JK1219","isPartOf":{"@id":"https:\/\/kihlberg.com\/sv\/#website"},"primaryImageOfPage":{"@id":"https:\/\/kihlberg.com\/sv\/verktyg\/stalbandning\/129000\/#primaryimage"},"image":{"@id":"https:\/\/kihlberg.com\/sv\/verktyg\/stalbandning\/129000\/#primaryimage"},"thumbnailUrl":"https:\/\/kihlberg.com\/wp-content\/uploads\/2018\/08\/129000.jpg","datePublished":"2018-10-24T06:40:30+00:00","dateModified":"2022-05-31T19:16:27+00:00","description":"Bandningsverktyg JK1219 \u00e4r en svensktillverkad kvalitetsprodukt som f\u00f6rsluter st\u00e5lband snabbt och s\u00e4kert. Enkel att anv\u00e4nda. Uppt\u00e4ck mer!","breadcrumb":{"@id":"https:\/\/kihlberg.com\/sv\/verktyg\/stalbandning\/129000\/#breadcrumb"},"inLanguage":"sv-SE","potentialAction":[{"@type":"ReadAction","target":["https:\/\/kihlberg.com\/sv\/verktyg\/stalbandning\/129000\/"]}]},{"@type":"ImageObject","inLanguage":"sv-SE","@id":"https:\/\/kihlberg.com\/sv\/verktyg\/stalbandning\/129000\/#primaryimage","url":"https:\/\/kihlberg.com\/wp-content\/uploads\/2018\/08\/129000.jpg","contentUrl":"https:\/\/kihlberg.com\/wp-content\/uploads\/2018\/08\/129000.jpg","width":720,"height":720,"caption":"Strapping tool JK1219HT - \u20ac 1125"},{"@type":"BreadcrumbList","@id":"https:\/\/kihlberg.com\/sv\/verktyg\/stalbandning\/129000\/#breadcrumb","itemListElement":[{"@type":"ListItem","position":1,"name":"Home","item":"https:\/\/kihlberg.com\/sv\/"},{"@type":"ListItem","position":2,"name":"Shop","item":"https:\/\/kihlberg.com\/shop\/"},{"@type":"ListItem","position":3,"name":"Verktyg","item":"https:\/\/kihlberg.com\/sv\/verktyg\/"},{"@type":"ListItem","position":4,"name":"F\u00f6rpackning","item":"https:\/\/kihlberg.com\/sv\/verktyg\/forpackning\/"},{"@type":"ListItem","position":5,"name":"Bandningsverktyg st\u00e5l JK1219"}]},{"@type":"WebSite","@id":"https:\/\/kihlberg.com\/sv\/#website","url":"https:\/\/kihlberg.com\/sv\/","name":"Josef kihlberg","description":"Made in Sweden. System manufacturer of premium staples &amp; tools that sets the standard. Legendary.","publisher":{"@id":"https:\/\/kihlberg.com\/sv\/#organization"},"potentialAction":[{"@type":"SearchAction","target":{"@type":"EntryPoint","urlTemplate":"https:\/\/kihlberg.com\/sv\/?s={search_term_string}"},"query-input":{"@type":"PropertyValueSpecification","valueRequired":true,"valueName":"search_term_string"}}],"inLanguage":"sv-SE"},{"@type":"Organization","@id":"https:\/\/kihlberg.com\/sv\/#organization","name":"Josef Kihlberg","url":"https:\/\/kihlberg.com\/sv\/","logo":{"@type":"ImageObject","inLanguage":"sv-SE","@id":"https:\/\/kihlberg.com\/sv\/#\/schema\/logo\/image\/","url":"https:\/\/kihlberg.com\/wp-content\/uploads\/2019\/01\/logo.jpg","contentUrl":"https:\/\/kihlberg.com\/wp-content\/uploads\/2019\/01\/logo.jpg","width":850,"height":850,"caption":"Josef Kihlberg"},"image":{"@id":"https:\/\/kihlberg.com\/sv\/#\/schema\/logo\/image\/"}}]},"product_price_amount":"994","product_price_currency":"EUR","og_availability":"instock","product_availability":"instock","product_retailer_item_id":"129000","product_condition":"new"},"_links":{"self":[{"href":"https:\/\/kihlberg.com\/sv\/wp-json\/wp\/v2\/product\/30108","targetHints":{"allow":["GET"]}}],"collection":[{"href":"https:\/\/kihlberg.com\/sv\/wp-json\/wp\/v2\/product"}],"about":[{"href":"https:\/\/kihlberg.com\/sv\/wp-json\/wp\/v2\/types\/product"}],"wp:featuredmedia":[{"embeddable":true,"href":"https:\/\/kihlberg.com\/sv\/wp-json\/wp\/v2\/media\/10297"}],"wp:attachment":[{"href":"https:\/\/kihlberg.com\/sv\/wp-json\/wp\/v2\/media?parent=30108"}],"wp:term":[{"taxonomy":"product_brand","embeddable":true,"href":"https:\/\/kihlberg.com\/sv\/wp-json\/wp\/v2\/product_brand?post=30108"},{"taxonomy":"product_cat","embeddable":true,"href":"https:\/\/kihlberg.com\/sv\/wp-json\/wp\/v2\/product_cat?post=30108"}],"curies":[{"name":"wp","href":"https:\/\/api.w.org\/{rel}","templated":true}]}}