{"id":90097,"date":"2019-03-28T13:49:16","date_gmt":"2019-03-28T13:51:31","guid":{"rendered":"https:\/\/kihlberg.com\/?post_type=product&#038;p=90097"},"modified":"2019-09-07T05:06:19","modified_gmt":"2019-09-07T05:06:19","slug":"126374","status":"publish","type":"product","link":"https:\/\/kihlberg.com\/sv\/verktyg\/126374\/","title":{"rendered":"JKPC782"},"content":{"rendered":"","protected":false},"excerpt":{"rendered":"<p>V\u00e5rt knappklammerverktyg avfyrar knappar och klammer samtidigt tillsammans. Klammern avfyras in i knappen vilket f\u00f6rhindrar klammern att g\u00e5 igenom materialet som ska f\u00e4stas. Denna metod f\u00f6rst\u00e4rker h\u00e4ftningen s\u00e5 du kan anv\u00e4nda mindre klammer p\u00e5 samma yta. JKPC782 ger ocks\u00e5 ett b\u00e4ttre skydd mot yttre p\u00e5verkan s\u00e5 som vind och regn. En annan f\u00f6rdel att anv\u00e4nda verktyget \u00e4r att det g\u00e5r betydligt snabbare att ta bort knapp och klammer tillsammans j\u00e4mf\u00f6rt med att ta bort var klammer f\u00f6r sig. Detta g\u00f6r JKPC782 till ett utm\u00e4rkt verktyg f\u00f6r tr\u00e4industrin vid emballering av skyddsplast. JKPC782 \u00e4r skapat f\u00f6r h\u00f6g produktivitet, s\u00e5 du kan f\u00e5 mer gjort p\u00e5 mindre tid, med h\u00f6gre kvalitet och b\u00e4ttre resultat. Verktyget \u00e4r ett pneumatiskt verktyg (tryckluft), detta \u00e4r en kostnadseffektiv, m\u00e5ngsidig, flexibel och p\u00e5litlig metod.<\/p>\n<p>&nbsp;<\/p>\n","protected":false},"featured_media":90040,"template":"","meta":{"_acf_changed":false,"_genesis_hide_title":false,"_genesis_hide_breadcrumbs":false,"_genesis_hide_singular_image":false,"_genesis_hide_footer_widgets":false,"_genesis_custom_body_class":"","_genesis_custom_post_class":"","_genesis_layout":""},"product_brand":[],"product_cat":[1155,148],"class_list":{"0":"post-90097","1":"product","2":"type-product","3":"status-publish","4":"has-post-thumbnail","6":"product_cat-industri","7":"product_cat-verktyg","8":"pa_ce-declared-ja","9":"pa_magazine-capacity-100-sv-2","10":"pa_max-pressure-7-sv-sv","11":"entry","13":"first","14":"instock","15":"taxable","16":"shipping-taxable","17":"purchasable","18":"product-type-simple"},"acf":[],"yoast_head":"<!-- This site is optimized with the Yoast SEO plugin v26.1.1 - https:\/\/yoast.com\/wordpress\/plugins\/seo\/ -->\n<title>JKPC782 &#8226; Josef kihlberg<\/title>\n<meta name=\"description\" content=\"Knappklammerverktyg som avfyrar knapp och klammer tillsammans samtidigt. Vilket skyddar f\u00f6r genomslag av klammer. Utm\u00e4rkt f\u00f6r tr\u00e4industrin vid emballering.\" \/>\n<meta name=\"robots\" content=\"index, follow, max-snippet:-1, max-image-preview:large, max-video-preview:-1\" \/>\n<link rel=\"canonical\" href=\"https:\/\/kihlberg.com\/sv\/verktyg\/126374\/\" \/>\n<meta property=\"og:locale\" content=\"sv_SE\" \/>\n<meta property=\"og:type\" content=\"article\" \/>\n<meta property=\"og:title\" content=\"JKPC782 &#8226; Josef kihlberg\" \/>\n<meta property=\"og:description\" content=\"Knappklammerverktyg som avfyrar knapp och klammer tillsammans samtidigt. Vilket skyddar f\u00f6r genomslag av klammer. Utm\u00e4rkt f\u00f6r tr\u00e4industrin vid emballering.\" \/>\n<meta property=\"og:url\" content=\"https:\/\/kihlberg.com\/sv\/verktyg\/126374\/\" \/>\n<meta property=\"og:site_name\" content=\"Josef kihlberg\" \/>\n<meta property=\"article:modified_time\" content=\"2019-09-07T05:06:19+00:00\" \/>\n<meta property=\"og:image\" content=\"https:\/\/kihlberg.com\/wp-content\/uploads\/2019\/03\/JK782-plastic-cap-stapler.png\" \/>\n\t<meta property=\"og:image:width\" content=\"720\" \/>\n\t<meta property=\"og:image:height\" content=\"720\" \/>\n\t<meta property=\"og:image:type\" content=\"image\/png\" \/>\n<meta name=\"twitter:card\" content=\"summary_large_image\" \/>\n<meta name=\"twitter:label1\" content=\"Pris\" \/>\n\t<meta name=\"twitter:data1\" content=\"&euro;386\" \/>\n\t<meta name=\"twitter:label2\" content=\"Tillg\u00e4nglig\" \/>\n\t<meta name=\"twitter:data2\" content=\"I lager\" \/>\n<script type=\"application\/ld+json\" class=\"yoast-schema-graph\">{\"@context\":\"https:\/\/schema.org\",\"@graph\":[{\"@type\":\"WebPage\",\"@id\":\"https:\/\/kihlberg.com\/sv\/verktyg\/126374\/\",\"url\":\"https:\/\/kihlberg.com\/sv\/verktyg\/126374\/\",\"name\":\"JKPC782 &#8226; Josef kihlberg\",\"isPartOf\":{\"@id\":\"https:\/\/kihlberg.com\/sv\/#website\"},\"primaryImageOfPage\":{\"@id\":\"https:\/\/kihlberg.com\/sv\/verktyg\/126374\/#primaryimage\"},\"image\":{\"@id\":\"https:\/\/kihlberg.com\/sv\/verktyg\/126374\/#primaryimage\"},\"thumbnailUrl\":\"https:\/\/kihlberg.com\/wp-content\/uploads\/2019\/03\/JK782-plastic-cap-stapler.png\",\"datePublished\":\"2019-03-28T13:51:31+00:00\",\"dateModified\":\"2019-09-07T05:06:19+00:00\",\"description\":\"Knappklammerverktyg som avfyrar knapp och klammer tillsammans samtidigt. Vilket skyddar f\u00f6r genomslag av klammer. Utm\u00e4rkt f\u00f6r tr\u00e4industrin vid emballering.\",\"breadcrumb\":{\"@id\":\"https:\/\/kihlberg.com\/sv\/verktyg\/126374\/#breadcrumb\"},\"inLanguage\":\"sv-SE\",\"potentialAction\":[{\"@type\":\"ReadAction\",\"target\":[\"https:\/\/kihlberg.com\/sv\/verktyg\/126374\/\"]}]},{\"@type\":\"ImageObject\",\"inLanguage\":\"sv-SE\",\"@id\":\"https:\/\/kihlberg.com\/sv\/verktyg\/126374\/#primaryimage\",\"url\":\"https:\/\/kihlberg.com\/wp-content\/uploads\/2019\/03\/JK782-plastic-cap-stapler.png\",\"contentUrl\":\"https:\/\/kihlberg.com\/wp-content\/uploads\/2019\/03\/JK782-plastic-cap-stapler.png\",\"width\":720,\"height\":720,\"caption\":\"Plastic cap stapler JKPC782\"},{\"@type\":\"BreadcrumbList\",\"@id\":\"https:\/\/kihlberg.com\/sv\/verktyg\/126374\/#breadcrumb\",\"itemListElement\":[{\"@type\":\"ListItem\",\"position\":1,\"name\":\"Home\",\"item\":\"https:\/\/kihlberg.com\/sv\/\"},{\"@type\":\"ListItem\",\"position\":2,\"name\":\"Shop\",\"item\":\"https:\/\/kihlberg.com\/shop\/\"},{\"@type\":\"ListItem\",\"position\":3,\"name\":\"Verktyg\",\"item\":\"https:\/\/kihlberg.com\/sv\/verktyg\/\"},{\"@type\":\"ListItem\",\"position\":4,\"name\":\"JKPC782\"}]},{\"@type\":\"WebSite\",\"@id\":\"https:\/\/kihlberg.com\/sv\/#website\",\"url\":\"https:\/\/kihlberg.com\/sv\/\",\"name\":\"Josef kihlberg\",\"description\":\"Made in Sweden. System manufacturer of premium staples &amp; tools that sets the standard. Legendary.\",\"publisher\":{\"@id\":\"https:\/\/kihlberg.com\/sv\/#organization\"},\"potentialAction\":[{\"@type\":\"SearchAction\",\"target\":{\"@type\":\"EntryPoint\",\"urlTemplate\":\"https:\/\/kihlberg.com\/sv\/?s={search_term_string}\"},\"query-input\":{\"@type\":\"PropertyValueSpecification\",\"valueRequired\":true,\"valueName\":\"search_term_string\"}}],\"inLanguage\":\"sv-SE\"},{\"@type\":\"Organization\",\"@id\":\"https:\/\/kihlberg.com\/sv\/#organization\",\"name\":\"Josef Kihlberg\",\"url\":\"https:\/\/kihlberg.com\/sv\/\",\"logo\":{\"@type\":\"ImageObject\",\"inLanguage\":\"sv-SE\",\"@id\":\"https:\/\/kihlberg.com\/sv\/#\/schema\/logo\/image\/\",\"url\":\"https:\/\/kihlberg.com\/wp-content\/uploads\/2019\/01\/logo.jpg\",\"contentUrl\":\"https:\/\/kihlberg.com\/wp-content\/uploads\/2019\/01\/logo.jpg\",\"width\":850,\"height\":850,\"caption\":\"Josef Kihlberg\"},\"image\":{\"@id\":\"https:\/\/kihlberg.com\/sv\/#\/schema\/logo\/image\/\"}}]}<\/script>\n<meta property=\"product:price:amount\" content=\"386\" \/>\n<meta property=\"product:price:currency\" content=\"EUR\" \/>\n<meta property=\"og:availability\" content=\"instock\" \/>\n<meta property=\"product:availability\" content=\"instock\" \/>\n<meta property=\"product:retailer_item_id\" content=\"126374\" \/>\n<meta property=\"product:condition\" content=\"new\" \/>\n<!-- \/ Yoast SEO plugin. -->","yoast_head_json":{"title":"JKPC782 &#8226; Josef kihlberg","description":"Knappklammerverktyg som avfyrar knapp och klammer tillsammans samtidigt. Vilket skyddar f\u00f6r genomslag av klammer. Utm\u00e4rkt f\u00f6r tr\u00e4industrin vid emballering.","robots":{"index":"index","follow":"follow","max-snippet":"max-snippet:-1","max-image-preview":"max-image-preview:large","max-video-preview":"max-video-preview:-1"},"canonical":"https:\/\/kihlberg.com\/sv\/verktyg\/126374\/","og_locale":"sv_SE","og_type":"article","og_title":"JKPC782 &#8226; Josef kihlberg","og_description":"Knappklammerverktyg som avfyrar knapp och klammer tillsammans samtidigt. Vilket skyddar f\u00f6r genomslag av klammer. Utm\u00e4rkt f\u00f6r tr\u00e4industrin vid emballering.","og_url":"https:\/\/kihlberg.com\/sv\/verktyg\/126374\/","og_site_name":"Josef kihlberg","article_modified_time":"2019-09-07T05:06:19+00:00","og_image":[{"width":720,"height":720,"url":"https:\/\/kihlberg.com\/wp-content\/uploads\/2019\/03\/JK782-plastic-cap-stapler.png","type":"image\/png"}],"twitter_card":"summary_large_image","twitter_misc":{"Pris":"&euro;386","Tillg\u00e4nglig":"I lager"},"schema":{"@context":"https:\/\/schema.org","@graph":[{"@type":"WebPage","@id":"https:\/\/kihlberg.com\/sv\/verktyg\/126374\/","url":"https:\/\/kihlberg.com\/sv\/verktyg\/126374\/","name":"JKPC782 &#8226; Josef kihlberg","isPartOf":{"@id":"https:\/\/kihlberg.com\/sv\/#website"},"primaryImageOfPage":{"@id":"https:\/\/kihlberg.com\/sv\/verktyg\/126374\/#primaryimage"},"image":{"@id":"https:\/\/kihlberg.com\/sv\/verktyg\/126374\/#primaryimage"},"thumbnailUrl":"https:\/\/kihlberg.com\/wp-content\/uploads\/2019\/03\/JK782-plastic-cap-stapler.png","datePublished":"2019-03-28T13:51:31+00:00","dateModified":"2019-09-07T05:06:19+00:00","description":"Knappklammerverktyg som avfyrar knapp och klammer tillsammans samtidigt. Vilket skyddar f\u00f6r genomslag av klammer. Utm\u00e4rkt f\u00f6r tr\u00e4industrin vid emballering.","breadcrumb":{"@id":"https:\/\/kihlberg.com\/sv\/verktyg\/126374\/#breadcrumb"},"inLanguage":"sv-SE","potentialAction":[{"@type":"ReadAction","target":["https:\/\/kihlberg.com\/sv\/verktyg\/126374\/"]}]},{"@type":"ImageObject","inLanguage":"sv-SE","@id":"https:\/\/kihlberg.com\/sv\/verktyg\/126374\/#primaryimage","url":"https:\/\/kihlberg.com\/wp-content\/uploads\/2019\/03\/JK782-plastic-cap-stapler.png","contentUrl":"https:\/\/kihlberg.com\/wp-content\/uploads\/2019\/03\/JK782-plastic-cap-stapler.png","width":720,"height":720,"caption":"Plastic cap stapler JKPC782"},{"@type":"BreadcrumbList","@id":"https:\/\/kihlberg.com\/sv\/verktyg\/126374\/#breadcrumb","itemListElement":[{"@type":"ListItem","position":1,"name":"Home","item":"https:\/\/kihlberg.com\/sv\/"},{"@type":"ListItem","position":2,"name":"Shop","item":"https:\/\/kihlberg.com\/shop\/"},{"@type":"ListItem","position":3,"name":"Verktyg","item":"https:\/\/kihlberg.com\/sv\/verktyg\/"},{"@type":"ListItem","position":4,"name":"JKPC782"}]},{"@type":"WebSite","@id":"https:\/\/kihlberg.com\/sv\/#website","url":"https:\/\/kihlberg.com\/sv\/","name":"Josef kihlberg","description":"Made in Sweden. System manufacturer of premium staples &amp; tools that sets the standard. Legendary.","publisher":{"@id":"https:\/\/kihlberg.com\/sv\/#organization"},"potentialAction":[{"@type":"SearchAction","target":{"@type":"EntryPoint","urlTemplate":"https:\/\/kihlberg.com\/sv\/?s={search_term_string}"},"query-input":{"@type":"PropertyValueSpecification","valueRequired":true,"valueName":"search_term_string"}}],"inLanguage":"sv-SE"},{"@type":"Organization","@id":"https:\/\/kihlberg.com\/sv\/#organization","name":"Josef Kihlberg","url":"https:\/\/kihlberg.com\/sv\/","logo":{"@type":"ImageObject","inLanguage":"sv-SE","@id":"https:\/\/kihlberg.com\/sv\/#\/schema\/logo\/image\/","url":"https:\/\/kihlberg.com\/wp-content\/uploads\/2019\/01\/logo.jpg","contentUrl":"https:\/\/kihlberg.com\/wp-content\/uploads\/2019\/01\/logo.jpg","width":850,"height":850,"caption":"Josef Kihlberg"},"image":{"@id":"https:\/\/kihlberg.com\/sv\/#\/schema\/logo\/image\/"}}]},"product_price_amount":"386","product_price_currency":"EUR","og_availability":"instock","product_availability":"instock","product_retailer_item_id":"126374","product_condition":"new"},"_links":{"self":[{"href":"https:\/\/kihlberg.com\/sv\/wp-json\/wp\/v2\/product\/90097","targetHints":{"allow":["GET"]}}],"collection":[{"href":"https:\/\/kihlberg.com\/sv\/wp-json\/wp\/v2\/product"}],"about":[{"href":"https:\/\/kihlberg.com\/sv\/wp-json\/wp\/v2\/types\/product"}],"wp:featuredmedia":[{"embeddable":true,"href":"https:\/\/kihlberg.com\/sv\/wp-json\/wp\/v2\/media\/90040"}],"wp:attachment":[{"href":"https:\/\/kihlberg.com\/sv\/wp-json\/wp\/v2\/media?parent=90097"}],"wp:term":[{"taxonomy":"product_brand","embeddable":true,"href":"https:\/\/kihlberg.com\/sv\/wp-json\/wp\/v2\/product_brand?post=90097"},{"taxonomy":"product_cat","embeddable":true,"href":"https:\/\/kihlberg.com\/sv\/wp-json\/wp\/v2\/product_cat?post=90097"}],"curies":[{"name":"wp","href":"https:\/\/api.w.org\/{rel}","templated":true}]}}